{"id":6161,"date":"2025-07-17T16:39:35","date_gmt":"2025-07-17T08:39:35","guid":{"rendered":"https:\/\/globalquartztube.com\/?page_id=6161"},"modified":"2026-04-10T15:29:50","modified_gmt":"2026-04-10T07:29:50","slug":"quartz-engineering-solutions","status":"publish","type":"page","link":"https:\/\/globalquartztube.com\/vi\/quartz-engineering-solutions\/","title":{"rendered":"Gi\u1ea3i ph\u00e1p K\u1ef9 thu\u1eadt Quartz"},"content":{"rendered":"<div data-elementor-type=\"wp-page\" data-elementor-id=\"6161\" class=\"elementor elementor-6161\" data-elementor-post-type=\"page\">\n\t\t\t\t<div class=\"elementor-element elementor-element-7e20474 e-flex e-con-boxed e-con e-parent\" data-id=\"7e20474\" data-element_type=\"container\" data-e-type=\"container\" data-settings=\"{&quot;background_background&quot;:&quot;classic&quot;}\">\n\t\t\t\t\t<div class=\"e-con-inner\">\n\t\t<div class=\"elementor-element elementor-element-605b3b6 e-flex e-con-boxed e-con e-child\" data-id=\"605b3b6\" data-element_type=\"container\" data-e-type=\"container\">\n\t\t\t\t\t<div class=\"e-con-inner\">\n\t\t\t\t<div class=\"elementor-element elementor-element-4554f77 elementor-widget elementor-widget-heading\" data-id=\"4554f77\" data-element_type=\"widget\" data-e-type=\"widget\" data-widget_type=\"heading.default\">\n\t\t\t\t<div class=\"elementor-widget-container\">\n\t\t\t\t\t<h1 class=\"elementor-heading-title elementor-size-default\">Gi\u1ea3i ph\u00e1p K\u1ef9 thu\u1eadt Quartz<\/h1>\t\t\t\t<\/div>\n\t\t\t\t<\/div>\n\t\t\t\t<div class=\"elementor-element elementor-element-10a63d6 elementor-align-center elementor-widget elementor-widget-button\" data-id=\"10a63d6\" data-element_type=\"widget\" data-e-type=\"widget\" data-widget_type=\"button.default\">\n\t\t\t\t<div class=\"elementor-widget-container\">\n\t\t\t\t\t\t\t\t\t<div class=\"elementor-button-wrapper\">\n\t\t\t\t\t<a class=\"elementor-button elementor-button-link elementor-size-sm\" href=\"#elementor-action%3Aaction%3Dpopup%3Aopen%26settings%3DeyJpZCI6IjU3OTYiLCJ0b2dnbGUiOmZhbHNlfQ%3D%3D\">\n\t\t\t\t\t\t<span class=\"elementor-button-content-wrapper\">\n\t\t\t\t\t\t\t\t\t<span class=\"elementor-button-text\">Y\u00eau c\u1ea7u m\u1ed9t cu\u1ed9c tham v\u1ea5n &gt;<\/span>\n\t\t\t\t\t<\/span>\n\t\t\t\t\t<\/a>\n\t\t\t\t<\/div>\n\t\t\t\t\t\t\t\t<\/div>\n\t\t\t\t<\/div>\n\t\t\t\t\t<\/div>\n\t\t\t\t<\/div>\n\t\t\t\t\t<\/div>\n\t\t\t\t<\/div>\n\t\t<div class=\"elementor-element elementor-element-3bb3f55 e-con-full e-flex e-con e-parent\" data-id=\"3bb3f55\" data-element_type=\"container\" data-e-type=\"container\">\n\t\t<div class=\"elementor-element elementor-element-87fbcf1 e-con-full e-flex e-con e-child\" data-id=\"87fbcf1\" data-element_type=\"container\" data-e-type=\"container\">\n\t\t\t\t<div class=\"elementor-element elementor-element-b1532e6 elementor-widget elementor-widget-heading\" data-id=\"b1532e6\" data-element_type=\"widget\" data-e-type=\"widget\" data-widget_type=\"heading.default\">\n\t\t\t\t<div class=\"elementor-widget-container\">\n\t\t\t\t\t<h2 class=\"elementor-heading-title elementor-size-default\">Gi\u1ea3i ph\u00e1p gi\u1ea3m thi\u1ec3u s\u1ef1 suy gi\u1ea3m tu\u1ed5i th\u1ecd c\u1ee7a ch\u1ea5t mang<\/h2>\t\t\t\t<\/div>\n\t\t\t\t<\/div>\n\t\t\t\t<div class=\"elementor-element elementor-element-34d6a3b elementor-widget elementor-widget-heading\" data-id=\"34d6a3b\" data-element_type=\"widget\" data-e-type=\"widget\" data-widget_type=\"heading.default\">\n\t\t\t\t<div class=\"elementor-widget-container\">\n\t\t\t\t\t<h3 class=\"elementor-heading-title elementor-size-default\">C\u00e1c b\u00e0i vi\u1ebft trong lo\u1ea1t b\u00e0i n\u00e0y:<\/h3>\t\t\t\t<\/div>\n\t\t\t\t<\/div>\n\t\t\t\t<div class=\"elementor-element elementor-element-dd68f09 elementor-widget elementor-widget-heading\" data-id=\"dd68f09\" data-element_type=\"widget\" data-e-type=\"widget\" data-widget_type=\"heading.default\">\n\t\t\t\t<div class=\"elementor-widget-container\">\n\t\t\t\t\t<h3 class=\"elementor-heading-title elementor-size-default\"><a href=\"https:\/\/globalquartztube.com\/vi\/technical-analysis-and-solutions-for-carrier-lifetime-reduction-caused-by-quartz-tubes-part-1-of-10\/\">Ph\u00e2n t\u00edch k\u1ef9 thu\u1eadt v\u00e0 gi\u1ea3i ph\u00e1p gi\u1ea3m tu\u1ed5i th\u1ecd c\u1ee7a thi\u1ebft b\u1ecb truy\u1ec1n d\u1eabn do \u1ed1ng th\u1ea1ch anh g\u00e2y ra (Ph\u1ea7n 1 trong 10)<\/a><\/h3>\t\t\t\t<\/div>\n\t\t\t\t<\/div>\n\t\t\t\t<div class=\"elementor-element elementor-element-33b6c99 elementor-widget elementor-widget-heading\" data-id=\"33b6c99\" data-element_type=\"widget\" data-e-type=\"widget\" data-widget_type=\"heading.default\">\n\t\t\t\t<div class=\"elementor-widget-container\">\n\t\t\t\t\t<h3 class=\"elementor-heading-title elementor-size-default\"><a href=\"https:\/\/globalquartztube.com\/vi\/what-is-carrier-lifetime-part-2-of-10\/\">Tu\u1ed5i th\u1ecd c\u1ee7a nh\u00e0 cung c\u1ea5p (Ph\u1ea7n 2 trong 10)<\/a><\/h3>\t\t\t\t<\/div>\n\t\t\t\t<\/div>\n\t\t\t\t<div class=\"elementor-element elementor-element-ea98a02 elementor-widget elementor-widget-heading\" data-id=\"ea98a02\" data-element_type=\"widget\" data-e-type=\"widget\" data-widget_type=\"heading.default\">\n\t\t\t\t<div class=\"elementor-widget-container\">\n\t\t\t\t\t<h3 class=\"elementor-heading-title elementor-size-default\"><a href=\"https:\/\/globalquartztube.com\/vi\/which-tests-require-attention-to-carrier-lifetime-values-part-3-of-10\/\">C\u00e1c b\u00e0i ki\u1ec3m tra n\u00e0o y\u00eau c\u1ea7u ch\u00fa \u00fd \u0111\u1ebfn gi\u00e1 tr\u1ecb tu\u1ed5i th\u1ecd c\u1ee7a b\u1ed9 truy\u1ec1n (Ph\u1ea7n 3 trong 10)<\/a><\/h3>\t\t\t\t<\/div>\n\t\t\t\t<\/div>\n\t\t\t\t<div class=\"elementor-element elementor-element-e128569 elementor-widget elementor-widget-heading\" data-id=\"e128569\" data-element_type=\"widget\" data-e-type=\"widget\" data-widget_type=\"heading.default\">\n\t\t\t\t<div class=\"elementor-widget-container\">\n\t\t\t\t\t<h3 class=\"elementor-heading-title elementor-size-default\"><a href=\"https:\/\/globalquartztube.com\/vi\/causes-of-carrier-lifetime-degradation-part-4-of-10\/\">Nguy\u00ean nh\u00e2n g\u00e2y suy gi\u1ea3m tu\u1ed5i th\u1ecd c\u1ee7a ch\u1ea5t mang (Ph\u1ea7n 4 trong 10)<\/a><\/h3>\t\t\t\t<\/div>\n\t\t\t\t<\/div>\n\t\t\t\t<div class=\"elementor-element elementor-element-fb14a9b elementor-widget elementor-widget-heading\" data-id=\"fb14a9b\" data-element_type=\"widget\" data-e-type=\"widget\" data-widget_type=\"heading.default\">\n\t\t\t\t<div class=\"elementor-widget-container\">\n\t\t\t\t\t<h3 class=\"elementor-heading-title elementor-size-default\">T\u00e1c \u0111\u1ed9ng c\u1ee7a \u1ed1ng th\u1ea1ch anh \u0111\u1ed1i v\u1edbi vi\u1ec7c gi\u1ea3m tu\u1ed5i th\u1ecd c\u1ee7a ch\u1ea5t mang (Ph\u1ea7n 5 trong 10) \u2013 S\u1eafp ra m\u1eaft<\/h3>\t\t\t\t<\/div>\n\t\t\t\t<\/div>\n\t\t\t\t<\/div>\n\t\t<div class=\"elementor-element elementor-element-b6bd761 e-con-full e-flex e-con e-child\" data-id=\"b6bd761\" data-element_type=\"container\" data-e-type=\"container\">\n\t\t\t\t<div class=\"elementor-element elementor-element-31e00d0 elementor-widget elementor-widget-heading\" data-id=\"31e00d0\" data-element_type=\"widget\" data-e-type=\"widget\" data-widget_type=\"heading.default\">\n\t\t\t\t<div class=\"elementor-widget-container\">\n\t\t\t\t\t<h2 class=\"elementor-heading-title elementor-size-default\">Gi\u1ea3i ph\u00e1p \u1ed1ng th\u1ea1ch anh l\u1ecdc tia UV \u2013 S\u1eafp ra m\u1eaft<\/h2>\t\t\t\t<\/div>\n\t\t\t\t<\/div>\n\t\t\t\t<div class=\"elementor-element elementor-element-0d6b2a7 elementor-widget elementor-widget-heading\" data-id=\"0d6b2a7\" data-element_type=\"widget\" data-e-type=\"widget\" data-widget_type=\"heading.default\">\n\t\t\t\t<div class=\"elementor-widget-container\">\n\t\t\t\t\t<h3 class=\"elementor-heading-title elementor-size-default\">C\u00e1c b\u00e0i vi\u1ebft s\u1eafp t\u1edbi trong lo\u1ea1t b\u00e0i n\u00e0y:<\/h3>\t\t\t\t<\/div>\n\t\t\t\t<\/div>\n\t\t\t\t<div class=\"elementor-element elementor-element-2898332 elementor-widget elementor-widget-heading\" data-id=\"2898332\" data-element_type=\"widget\" data-e-type=\"widget\" data-widget_type=\"heading.default\">\n\t\t\t\t<div class=\"elementor-widget-container\">\n\t\t\t\t\t<h3 class=\"elementor-heading-title elementor-size-default\">C\u00e1c t\u00ednh n\u0103ng ch\u00ednh c\u1ee7a \u1ed1ng th\u1ea1ch anh l\u1ecdc tia UV<\/h3>\t\t\t\t<\/div>\n\t\t\t\t<\/div>\n\t\t\t\t<div class=\"elementor-element elementor-element-fd728ae elementor-widget elementor-widget-heading\" data-id=\"fd728ae\" data-element_type=\"widget\" data-e-type=\"widget\" data-widget_type=\"heading.default\">\n\t\t\t\t<div class=\"elementor-widget-container\">\n\t\t\t\t\t<h3 class=\"elementor-heading-title elementor-size-default\">Thi\u1ebft b\u1ecb y t\u1ebf y\u00eau c\u1ea7u \u1ed1ng th\u1ea1ch anh ch\u1eb7n tia UV \u0111\u01b0\u1ee3c dop Ce<\/h3>\t\t\t\t<\/div>\n\t\t\t\t<\/div>\n\t\t\t\t<\/div>\n\t\t\t\t<\/div>\n\t\t<div class=\"elementor-element elementor-element-6984dcb e-flex e-con-boxed e-con e-parent\" data-id=\"6984dcb\" data-element_type=\"container\" data-e-type=\"container\" data-settings=\"{&quot;background_background&quot;:&quot;classic&quot;}\">\n\t\t\t\t\t<div class=\"e-con-inner\">\n\t\t<div class=\"elementor-element elementor-element-29be204 e-con-full e-flex e-con e-child\" data-id=\"29be204\" data-element_type=\"container\" data-e-type=\"container\">\n\t\t\t\t<div class=\"elementor-element elementor-element-339894c elementor-widget elementor-widget-heading\" data-id=\"339894c\" data-element_type=\"widget\" data-e-type=\"widget\" data-widget_type=\"heading.default\">\n\t\t\t\t<div class=\"elementor-widget-container\">\n\t\t\t\t\t<h2 class=\"elementor-heading-title elementor-size-default\">H\u1ee3p t\u00e1c v\u1edbi ch\u00fang t\u00f4i ngay h\u00f4m nay<\/h2>\t\t\t\t<\/div>\n\t\t\t\t<\/div>\n\t\t\t\t<div class=\"elementor-element elementor-element-28f70a3 elementor-widget elementor-widget-text-editor\" data-id=\"28f70a3\" data-element_type=\"widget\" data-e-type=\"widget\" data-widget_type=\"text-editor.default\">\n\t\t\t\t<div class=\"elementor-widget-container\">\n\t\t\t\t\t\t\t\t\t<p>Tr\u1ea3i nghi\u1ec7m ch\u1ea5t l\u01b0\u1ee3ng v\u00e0 d\u1ecbch v\u1ee5 v\u01b0\u1ee3t tr\u1ed9i c\u1ee7a GlobalQT. Li\u00ean h\u1ec7 v\u1edbi ch\u00fang t\u00f4i ngay b\u00e2y gi\u1edd n\u1ebfu b\u1ea1n c\u00f3 nhu c\u1ea7u v\u1ec1 \u1ed1ng th\u1ea1ch anh v\u00e0 m\u00e1y s\u01b0\u1edfi.<\/p>\t\t\t\t\t\t\t\t<\/div>\n\t\t\t\t<\/div>\n\t\t\t\t<div class=\"elementor-element elementor-element-562e8cd elementor-align-center elementor-widget elementor-widget-button\" data-id=\"562e8cd\" data-element_type=\"widget\" data-e-type=\"widget\" data-widget_type=\"button.default\">\n\t\t\t\t<div class=\"elementor-widget-container\">\n\t\t\t\t\t\t\t\t\t<div class=\"elementor-button-wrapper\">\n\t\t\t\t\t<a class=\"elementor-button elementor-button-link elementor-size-sm\" href=\"#elementor-action%3Aaction%3Dpopup%3Aopen%26settings%3DeyJpZCI6IjU3OTYiLCJ0b2dnbGUiOmZhbHNlfQ%3D%3D\">\n\t\t\t\t\t\t<span class=\"elementor-button-content-wrapper\">\n\t\t\t\t\t\t\t\t\t<span class=\"elementor-button-text\">Y\u00eau c\u1ea7u m\u1ed9t cu\u1ed9c tham v\u1ea5n &gt;<\/span>\n\t\t\t\t\t<\/span>\n\t\t\t\t\t<\/a>\n\t\t\t\t<\/div>\n\t\t\t\t\t\t\t\t<\/div>\n\t\t\t\t<\/div>\n\t\t\t\t<\/div>\n\t\t\t\t\t<\/div>\n\t\t\t\t<\/div>\n\t\t\t\t<\/div>","protected":false},"excerpt":{"rendered":"<p>Quartz Engineering Solutions Request a consultation &gt; Solution for Reducing Carrier Lifetime Degradation Articles in This Series: Technical Analysis and Solutions for Carrier Lifetime Reduction Caused by Quartz Tubes (Part 1 of 10) What is Carrier Lifetime (Part 2 of 10) Which Tests Require Attention to Carrier Lifetime Values (Part 3 of 10) Causes of [&hellip;]<\/p>\n","protected":false},"author":1,"featured_media":0,"parent":0,"menu_order":0,"comment_status":"closed","ping_status":"closed","template":"","meta":{"_seopress_robots_primary_cat":"","_seopress_titles_title":"Quartz Engineering Solutions | Technical Quartz Tube Support by GlobalQT","_seopress_titles_desc":"Explore quartz engineering solutions and technical guidance from GlobalQT, focusing on performance analysis, material purity, and process optimization.","_seopress_robots_index":"","_uag_custom_page_level_css":"","site-sidebar-layout":"no-sidebar","site-content-layout":"page-builder","ast-site-content-layout":"full-width-container","site-content-style":"default","site-sidebar-style":"default","ast-global-header-display":"","ast-banner-title-visibility":"","ast-main-header-display":"","ast-hfb-above-header-display":"","ast-hfb-below-header-display":"","ast-hfb-mobile-header-display":"","site-post-title":"disabled","ast-breadcrumbs-content":"","ast-featured-img":"disabled","footer-sml-layout":"","ast-disable-related-posts":"","theme-transparent-header-meta":"","adv-header-id-meta":"","stick-header-meta":"","header-above-stick-meta":"","header-main-stick-meta":"","header-below-stick-meta":"","astra-migrate-meta-layouts":"set","ast-page-background-enabled":"default","ast-page-background-meta":{"desktop":{"background-color":"var(--ast-global-color-4)","background-image":"","background-repeat":"repeat","background-position":"center center","background-size":"auto","background-attachment":"scroll","background-type":"","background-media":"","overlay-type":"","overlay-color":"","overlay-opacity":"","overlay-gradient":""},"tablet":{"background-color":"","background-image":"","background-repeat":"repeat","background-position":"center center","background-size":"auto","background-attachment":"scroll","background-type":"","background-media":"","overlay-type":"","overlay-color":"","overlay-opacity":"","overlay-gradient":""},"mobile":{"background-color":"","background-image":"","background-repeat":"repeat","background-position":"center center","background-size":"auto","background-attachment":"scroll","background-type":"","background-media":"","overlay-type":"","overlay-color":"","overlay-opacity":"","overlay-gradient":""}},"ast-content-background-meta":{"desktop":{"background-color":"var(--ast-global-color-5)","background-image":"","background-repeat":"repeat","background-position":"center center","background-size":"auto","background-attachment":"scroll","background-type":"","background-media":"","overlay-type":"","overlay-color":"","overlay-opacity":"","overlay-gradient":""},"tablet":{"background-color":"var(--ast-global-color-5)","background-image":"","background-repeat":"repeat","background-position":"center center","background-size":"auto","background-attachment":"scroll","background-type":"","background-media":"","overlay-type":"","overlay-color":"","overlay-opacity":"","overlay-gradient":""},"mobile":{"background-color":"var(--ast-global-color-5)","background-image":"","background-repeat":"repeat","background-position":"center center","background-size":"auto","background-attachment":"scroll","background-type":"","background-media":"","overlay-type":"","overlay-color":"","overlay-opacity":"","overlay-gradient":""}},"footnotes":""},"class_list":["post-6161","page","type-page","status-publish","hentry"],"uagb_featured_image_src":{"full":false,"thumbnail":false,"medium":false,"medium_large":false,"large":false,"1536x1536":false,"2048x2048":false,"trp-custom-language-flag":false},"uagb_author_info":{"display_name":"Nola Zhang","author_link":"https:\/\/globalquartztube.com\/vi\/author\/nola\/"},"uagb_comment_info":0,"uagb_excerpt":"Quartz Engineering Solutions Request a consultation &gt; Solution for Reducing Carrier Lifetime Degradation Articles in This Series: Technical Analysis and Solutions for Carrier Lifetime Reduction Caused by Quartz Tubes (Part 1 of 10) What is Carrier Lifetime (Part 2 of 10) Which Tests Require Attention to Carrier Lifetime Values (Part 3 of 10) Causes of&hellip;","_links":{"self":[{"href":"https:\/\/globalquartztube.com\/vi\/wp-json\/wp\/v2\/pages\/6161","targetHints":{"allow":["GET"]}}],"collection":[{"href":"https:\/\/globalquartztube.com\/vi\/wp-json\/wp\/v2\/pages"}],"about":[{"href":"https:\/\/globalquartztube.com\/vi\/wp-json\/wp\/v2\/types\/page"}],"author":[{"embeddable":true,"href":"https:\/\/globalquartztube.com\/vi\/wp-json\/wp\/v2\/users\/1"}],"replies":[{"embeddable":true,"href":"https:\/\/globalquartztube.com\/vi\/wp-json\/wp\/v2\/comments?post=6161"}],"version-history":[{"count":28,"href":"https:\/\/globalquartztube.com\/vi\/wp-json\/wp\/v2\/pages\/6161\/revisions"}],"predecessor-version":[{"id":7648,"href":"https:\/\/globalquartztube.com\/vi\/wp-json\/wp\/v2\/pages\/6161\/revisions\/7648"}],"wp:attachment":[{"href":"https:\/\/globalquartztube.com\/vi\/wp-json\/wp\/v2\/media?parent=6161"}],"curies":[{"name":"wp","href":"https:\/\/api.w.org\/{rel}","templated":true}]}}