{"id":6098,"date":"2025-07-17T10:20:42","date_gmt":"2025-07-17T02:20:42","guid":{"rendered":"https:\/\/globalquartztube.com\/?page_id=6098"},"modified":"2025-08-02T20:21:51","modified_gmt":"2025-08-02T12:21:51","slug":"video","status":"publish","type":"page","link":"https:\/\/globalquartztube.com\/vi\/video\/","title":{"rendered":"Video"},"content":{"rendered":"<div data-elementor-type=\"wp-page\" data-elementor-id=\"6098\" class=\"elementor elementor-6098\" data-elementor-post-type=\"page\">\n\t\t\t\t<div class=\"elementor-element elementor-element-fa26a83 e-flex e-con-boxed e-con e-parent\" data-id=\"fa26a83\" data-element_type=\"container\" data-e-type=\"container\" data-settings=\"{&quot;background_background&quot;:&quot;classic&quot;}\">\n\t\t\t\t\t<div class=\"e-con-inner\">\n\t\t<div class=\"elementor-element elementor-element-99009ae e-flex e-con-boxed e-con e-child\" data-id=\"99009ae\" data-element_type=\"container\" data-e-type=\"container\">\n\t\t\t\t\t<div class=\"e-con-inner\">\n\t\t\t\t<div class=\"elementor-element elementor-element-2342a48 elementor-widget elementor-widget-heading\" data-id=\"2342a48\" data-element_type=\"widget\" data-e-type=\"widget\" data-widget_type=\"heading.default\">\n\t\t\t\t<div class=\"elementor-widget-container\">\n\t\t\t\t\t<h1 class=\"elementor-heading-title elementor-size-default\">Video<\/h1>\t\t\t\t<\/div>\n\t\t\t\t<\/div>\n\t\t\t\t<div class=\"elementor-element elementor-element-176ef2f elementor-widget elementor-widget-text-editor\" data-id=\"176ef2f\" data-element_type=\"widget\" data-e-type=\"widget\" data-widget_type=\"text-editor.default\">\n\t\t\t\t<div class=\"elementor-widget-container\">\n\t\t\t\t\t\t\t\t\t<p>Trang n\u00e0y gi\u1edbi thi\u1ec7u b\u1ed9 s\u01b0u t\u1eadp c\u00e1c video ng\u1eafn m\u00e0 ch\u00fang t\u00f4i \u0111\u00e3 quay tr\u1ef1c ti\u1ebfp t\u1eeb x\u01b0\u1edfng s\u1ea3n xu\u1ea5t c\u1ee7a m\u00ecnh \u2013 tr\u00ecnh b\u00e0y c\u00e1c s\u1ea3n ph\u1ea9m \u0111\u00e1 th\u1ea1ch anh th\u1ef1c t\u1ebf m\u00e0 ch\u00fang t\u00f4i \u0111\u00e3 ch\u1ebf t\u1ea1o, \u0111\u00fang nh\u01b0 nguy\u00ean b\u1ea3n. H\u1ea7u h\u1ebft c\u00e1c \u0111o\u1ea1n video t\u1eadp trung v\u00e0o k\u1ebft qu\u1ea3 ho\u00e0n thi\u1ec7n c\u1ee7a c\u00e1c \u1ed1ng, thanh \u0111\u00e1 th\u1ea1ch anh v\u00e0 c\u00e1c s\u1ea3n ph\u1ea9m kh\u00e1c \u0111\u01b0\u1ee3c \u0111\u1eb7t h\u00e0ng theo y\u00eau c\u1ea7u. M\u1eb7c d\u00f9 kh\u00f4ng \u0111\u01b0\u1ee3c quay chuy\u00ean nghi\u1ec7p, nh\u1eefng video n\u00e0y cung c\u1ea5p c\u00e1i nh\u00ecn tr\u1ef1c quan v\u1ec1 c\u00f4ng vi\u1ec7c c\u1ee7a ch\u00fang t\u00f4i v\u00e0 c\u00e1ch c\u00e1c s\u1ea3n ph\u1ea9m th\u1ef1c s\u1ef1 tr\u00f4ng nh\u01b0 th\u1ebf n\u00e0o.<\/p><p>Ch\u00fang t\u00f4i s\u1ebd ti\u1ebfp t\u1ee5c c\u1eadp nh\u1eadt th\u00eam nhi\u1ec1u video m\u1edbi th\u01b0\u1eddng xuy\u00ean, chia s\u1ebb nh\u1eefng kho\u1ea3nh kh\u1eafc t\u1eeb qu\u00e1 tr\u00ecnh s\u1ea3n xu\u1ea5t h\u00e0ng ng\u00e0y c\u1ee7a ch\u00fang t\u00f4i.<\/p>\t\t\t\t\t\t\t\t<\/div>\n\t\t\t\t<\/div>\n\t\t\t\t<div class=\"elementor-element elementor-element-c1e8fe8 elementor-align-center elementor-widget elementor-widget-button\" data-id=\"c1e8fe8\" data-element_type=\"widget\" data-e-type=\"widget\" data-widget_type=\"button.default\">\n\t\t\t\t<div class=\"elementor-widget-container\">\n\t\t\t\t\t\t\t\t\t<div class=\"elementor-button-wrapper\">\n\t\t\t\t\t<a class=\"elementor-button elementor-button-link elementor-size-sm\" href=\"#elementor-action%3Aaction%3Dpopup%3Aopen%26settings%3DeyJpZCI6IjU3OTYiLCJ0b2dnbGUiOmZhbHNlfQ%3D%3D\">\n\t\t\t\t\t\t<span class=\"elementor-button-content-wrapper\">\n\t\t\t\t\t\t\t\t\t<span class=\"elementor-button-text\">Y\u00eau c\u1ea7u m\u1ed9t cu\u1ed9c tham v\u1ea5n &gt;<\/span>\n\t\t\t\t\t<\/span>\n\t\t\t\t\t<\/a>\n\t\t\t\t<\/div>\n\t\t\t\t\t\t\t\t<\/div>\n\t\t\t\t<\/div>\n\t\t\t\t\t<\/div>\n\t\t\t\t<\/div>\n\t\t\t\t\t<\/div>\n\t\t\t\t<\/div>\n\t\t<div class=\"elementor-element elementor-element-6e50d1e e-flex e-con-boxed e-con e-parent\" data-id=\"6e50d1e\" data-element_type=\"container\" data-e-type=\"container\">\n\t\t\t\t\t<div class=\"e-con-inner\">\n\t\t<div class=\"elementor-element elementor-element-822b356 e-con-full e-flex e-con e-child\" data-id=\"822b356\" data-element_type=\"container\" data-e-type=\"container\">\n\t\t\t\t<div class=\"elementor-element elementor-element-ed9beaa elementor-widget elementor-widget-video\" data-id=\"ed9beaa\" data-element_type=\"widget\" data-e-type=\"widget\" data-settings=\"{&quot;youtube_url&quot;:&quot;https:\\\/\\\/www.youtube.com\\\/watch?v=2ew1WdsNNxI&quot;,&quot;video_type&quot;:&quot;youtube&quot;,&quot;controls&quot;:&quot;yes&quot;}\" data-widget_type=\"video.default\">\n\t\t\t\t<div class=\"elementor-widget-container\">\n\t\t\t\t\t\t\t<div class=\"elementor-wrapper elementor-open-inline\">\n\t\t\t<div class=\"elementor-video\"><\/div>\t\t<\/div>\n\t\t\t\t\t\t<\/div>\n\t\t\t\t<\/div>\n\t\t\t\t<div class=\"elementor-element elementor-element-1be4cbb elementor-widget elementor-widget-heading\" data-id=\"1be4cbb\" data-element_type=\"widget\" data-e-type=\"widget\" data-widget_type=\"heading.default\">\n\t\t\t\t<div class=\"elementor-widget-container\">\n\t\t\t\t\t<h2 class=\"elementor-heading-title elementor-size-default\"><a href=\"https:\/\/globalquartztube.com\/vi\/video\/\">Quy tr\u00ecnh \u0111\u00e1nh b\u00f3ng b\u1eb1ng l\u1eeda tr\u1ef1c ti\u1ebfp \u2013 K\u00ednh th\u1ea1ch anh<\/a><\/h2>\t\t\t\t<\/div>\n\t\t\t\t<\/div>\n\t\t\t\t<div class=\"elementor-element elementor-element-ad31217 elementor-widget elementor-widget-video\" data-id=\"ad31217\" data-element_type=\"widget\" data-e-type=\"widget\" data-settings=\"{&quot;youtube_url&quot;:&quot;https:\\\/\\\/www.youtube.com\\\/watch?v=R8xVMtuwjcs&quot;,&quot;video_type&quot;:&quot;youtube&quot;,&quot;controls&quot;:&quot;yes&quot;}\" data-widget_type=\"video.default\">\n\t\t\t\t<div class=\"elementor-widget-container\">\n\t\t\t\t\t\t\t<div class=\"elementor-wrapper elementor-open-inline\">\n\t\t\t<div class=\"elementor-video\"><\/div>\t\t<\/div>\n\t\t\t\t\t\t<\/div>\n\t\t\t\t<\/div>\n\t\t\t\t<div class=\"elementor-element elementor-element-6b143a9 elementor-widget elementor-widget-heading\" data-id=\"6b143a9\" data-element_type=\"widget\" data-e-type=\"widget\" data-widget_type=\"heading.default\">\n\t\t\t\t<div class=\"elementor-widget-container\">\n\t\t\t\t\t<h2 class=\"elementor-heading-title elementor-size-default\"><a href=\"https:\/\/www.youtube.com\/watch?v=R8xVMtuwjcs\">D\u1ee5ng c\u1ee5 th\u00ed nghi\u1ec7m b\u1eb1ng th\u1ea1ch anh tinh khi\u1ebft cao \u2013 S\u1ea3n ph\u1ea9m ho\u00e0n thi\u1ec7n <\/a><\/h2>\t\t\t\t<\/div>\n\t\t\t\t<\/div>\n\t\t\t\t<\/div>\n\t\t<div class=\"elementor-element elementor-element-a89a5a8 e-con-full e-flex e-con e-child\" data-id=\"a89a5a8\" data-element_type=\"container\" data-e-type=\"container\">\n\t\t\t\t<div class=\"elementor-element elementor-element-de67736 elementor-widget elementor-widget-video\" data-id=\"de67736\" data-element_type=\"widget\" data-e-type=\"widget\" data-settings=\"{&quot;youtube_url&quot;:&quot;https:\\\/\\\/www.youtube.com\\\/watch?v=R5vQJUttvDc&quot;,&quot;video_type&quot;:&quot;youtube&quot;,&quot;controls&quot;:&quot;yes&quot;}\" data-widget_type=\"video.default\">\n\t\t\t\t<div class=\"elementor-widget-container\">\n\t\t\t\t\t\t\t<div class=\"elementor-wrapper elementor-open-inline\">\n\t\t\t<div class=\"elementor-video\"><\/div>\t\t<\/div>\n\t\t\t\t\t\t<\/div>\n\t\t\t\t<\/div>\n\t\t\t\t<div class=\"elementor-element elementor-element-afe4c8b elementor-widget elementor-widget-heading\" data-id=\"afe4c8b\" data-element_type=\"widget\" data-e-type=\"widget\" data-widget_type=\"heading.default\">\n\t\t\t\t<div class=\"elementor-widget-container\">\n\t\t\t\t\t<h2 class=\"elementor-heading-title elementor-size-default\"><a href=\"https:\/\/www.youtube.com\/watch?v=R5vQJUttvDc\">X\u1eed l\u00fd \u1ed1ng th\u1ea1ch anh cho ng\u00e0nh c\u00f4ng nghi\u1ec7p n\u0103ng l\u01b0\u1ee3ng m\u1eb7t tr\u1eddi | C\u00f4ng ngh\u1ec7 gia c\u00f4ng b\u1eb1ng ng\u1ecdn l\u1eeda tr\u1ef1c ti\u1ebfp<\/a><\/h2>\t\t\t\t<\/div>\n\t\t\t\t<\/div>\n\t\t\t\t<div class=\"elementor-element elementor-element-430fc43 elementor-widget elementor-widget-video\" data-id=\"430fc43\" data-element_type=\"widget\" data-e-type=\"widget\" data-settings=\"{&quot;youtube_url&quot;:&quot;https:\\\/\\\/www.youtube.com\\\/watch?v=RL92IlQPKMw&quot;,&quot;video_type&quot;:&quot;youtube&quot;,&quot;controls&quot;:&quot;yes&quot;}\" data-widget_type=\"video.default\">\n\t\t\t\t<div class=\"elementor-widget-container\">\n\t\t\t\t\t\t\t<div class=\"elementor-wrapper elementor-open-inline\">\n\t\t\t<div class=\"elementor-video\"><\/div>\t\t<\/div>\n\t\t\t\t\t\t<\/div>\n\t\t\t\t<\/div>\n\t\t\t\t<div class=\"elementor-element elementor-element-32b41d9 elementor-widget elementor-widget-heading\" data-id=\"32b41d9\" data-element_type=\"widget\" data-e-type=\"widget\" data-widget_type=\"heading.default\">\n\t\t\t\t<div class=\"elementor-widget-container\">\n\t\t\t\t\t<h2 class=\"elementor-heading-title elementor-size-default\"><a href=\"https:\/\/www.youtube.com\/watch?v=RL92IlQPKMw\">S\u1ea3n xu\u1ea5t s\u1ea3n ph\u1ea9m th\u1ee7y tinh th\u1ea1ch anh<\/a><\/h2>\t\t\t\t<\/div>\n\t\t\t\t<\/div>\n\t\t\t\t<\/div>\n\t\t<div class=\"elementor-element elementor-element-373c103 e-con-full e-flex e-con e-child\" data-id=\"373c103\" data-element_type=\"container\" data-e-type=\"container\">\n\t\t\t\t<div class=\"elementor-element elementor-element-ef390c6 elementor-widget elementor-widget-video\" data-id=\"ef390c6\" data-element_type=\"widget\" data-e-type=\"widget\" data-settings=\"{&quot;youtube_url&quot;:&quot;https:\\\/\\\/www.youtube.com\\\/watch?v=FYQ9Uyr0r_0&quot;,&quot;video_type&quot;:&quot;youtube&quot;,&quot;controls&quot;:&quot;yes&quot;}\" data-widget_type=\"video.default\">\n\t\t\t\t<div class=\"elementor-widget-container\">\n\t\t\t\t\t\t\t<div class=\"elementor-wrapper elementor-open-inline\">\n\t\t\t<div class=\"elementor-video\"><\/div>\t\t<\/div>\n\t\t\t\t\t\t<\/div>\n\t\t\t\t<\/div>\n\t\t\t\t<div class=\"elementor-element elementor-element-0018b87 elementor-widget elementor-widget-heading\" data-id=\"0018b87\" data-element_type=\"widget\" data-e-type=\"widget\" data-widget_type=\"heading.default\">\n\t\t\t\t<div class=\"elementor-widget-container\">\n\t\t\t\t\t<h2 class=\"elementor-heading-title elementor-size-default\"><a href=\"https:\/\/www.youtube.com\/watch?v=FYQ9Uyr0r_0\">Quy tr\u00ecnh k\u00e9o \u1ed1ng th\u1ea1ch anh \u2013 H\u00ecnh \u1ea3nh th\u1ef1c t\u1ebf trong qu\u00e1 tr\u00ecnh s\u1ea3n xu\u1ea5t<\/a><\/h2>\t\t\t\t<\/div>\n\t\t\t\t<\/div>\n\t\t\t\t<div class=\"elementor-element elementor-element-0b7a8d9 elementor-widget elementor-widget-video\" data-id=\"0b7a8d9\" data-element_type=\"widget\" data-e-type=\"widget\" data-settings=\"{&quot;youtube_url&quot;:&quot;https:\\\/\\\/www.youtube.com\\\/watch?v=kWIDaqf5m60&quot;,&quot;video_type&quot;:&quot;youtube&quot;,&quot;controls&quot;:&quot;yes&quot;}\" data-widget_type=\"video.default\">\n\t\t\t\t<div class=\"elementor-widget-container\">\n\t\t\t\t\t\t\t<div class=\"elementor-wrapper elementor-open-inline\">\n\t\t\t<div class=\"elementor-video\"><\/div>\t\t<\/div>\n\t\t\t\t\t\t<\/div>\n\t\t\t\t<\/div>\n\t\t\t\t<div class=\"elementor-element elementor-element-d4ca258 elementor-widget elementor-widget-heading\" data-id=\"d4ca258\" data-element_type=\"widget\" data-e-type=\"widget\" data-widget_type=\"heading.default\">\n\t\t\t\t<div class=\"elementor-widget-container\">\n\t\t\t\t\t<h2 class=\"elementor-heading-title elementor-size-default\"><a href=\"https:\/\/www.youtube.com\/watch?v=kWIDaqf5m60\">C\u1ed1c th\u1ea1ch anh \u2013 \u0110\u1ed9 tinh khi\u1ebft cao &amp; Ch\u1ecbu nhi\u1ec7t<\/a><\/h2>\t\t\t\t<\/div>\n\t\t\t\t<\/div>\n\t\t\t\t<\/div>\n\t\t<div class=\"elementor-element elementor-element-f7d23ed e-con-full e-flex e-con e-child\" data-id=\"f7d23ed\" data-element_type=\"container\" data-e-type=\"container\">\n\t\t\t\t<div class=\"elementor-element elementor-element-3c140c0 elementor-widget elementor-widget-video\" data-id=\"3c140c0\" data-element_type=\"widget\" data-e-type=\"widget\" data-settings=\"{&quot;youtube_url&quot;:&quot;https:\\\/\\\/www.youtube.com\\\/watch?v=nsgoXJkEQZg&quot;,&quot;video_type&quot;:&quot;youtube&quot;,&quot;controls&quot;:&quot;yes&quot;}\" data-widget_type=\"video.default\">\n\t\t\t\t<div class=\"elementor-widget-container\">\n\t\t\t\t\t\t\t<div class=\"elementor-wrapper elementor-open-inline\">\n\t\t\t<div class=\"elementor-video\"><\/div>\t\t<\/div>\n\t\t\t\t\t\t<\/div>\n\t\t\t\t<\/div>\n\t\t\t\t<div class=\"elementor-element elementor-element-f31b741 elementor-widget elementor-widget-heading\" data-id=\"f31b741\" data-element_type=\"widget\" data-e-type=\"widget\" data-widget_type=\"heading.default\">\n\t\t\t\t<div class=\"elementor-widget-container\">\n\t\t\t\t\t<h2 class=\"elementor-heading-title elementor-size-default\"><a href=\"https:\/\/www.youtube.com\/watch?v=nsgoXJkEQZg\">Thanh th\u1ea1ch anh \u0111\u01b0\u1ee3c c\u1eaft th\u00e0nh c\u00e1c \u0111\u0129a ch\u00ednh x\u00e1c<\/a><\/h2>\t\t\t\t<\/div>\n\t\t\t\t<\/div>\n\t\t\t\t<\/div>\n\t\t<div class=\"elementor-element elementor-element-d30f702 e-con-full e-flex e-con e-child\" data-id=\"d30f702\" data-element_type=\"container\" data-e-type=\"container\">\n\t\t\t\t<div class=\"elementor-element elementor-element-9d0a5be elementor-widget elementor-widget-video\" data-id=\"9d0a5be\" data-element_type=\"widget\" data-e-type=\"widget\" data-settings=\"{&quot;youtube_url&quot;:&quot;https:\\\/\\\/www.youtube.com\\\/watch?v=KaiUv9eCYnc&quot;,&quot;video_type&quot;:&quot;youtube&quot;,&quot;controls&quot;:&quot;yes&quot;}\" data-widget_type=\"video.default\">\n\t\t\t\t<div class=\"elementor-widget-container\">\n\t\t\t\t\t\t\t<div class=\"elementor-wrapper elementor-open-inline\">\n\t\t\t<div class=\"elementor-video\"><\/div>\t\t<\/div>\n\t\t\t\t\t\t<\/div>\n\t\t\t\t<\/div>\n\t\t\t\t<div class=\"elementor-element elementor-element-4d5f9da elementor-widget elementor-widget-heading\" data-id=\"4d5f9da\" data-element_type=\"widget\" data-e-type=\"widget\" data-widget_type=\"heading.default\">\n\t\t\t\t<div class=\"elementor-widget-container\">\n\t\t\t\t\t<h2 class=\"elementor-heading-title elementor-size-default\"><a href=\"https:\/\/www.youtube.com\/watch?v=KaiUv9eCYnc\">\u1ed0ng th\u1ea1ch anh c\u00f3 r\u00e3nh \u0111\u01b0\u1ee3c c\u1eaft b\u1eb1ng laser<\/a><\/h2>\t\t\t\t<\/div>\n\t\t\t\t<\/div>\n\t\t\t\t<\/div>\n\t\t<div class=\"elementor-element elementor-element-45fd5cc e-con-full e-flex e-con e-child\" data-id=\"45fd5cc\" data-element_type=\"container\" data-e-type=\"container\">\n\t\t\t\t<div class=\"elementor-element elementor-element-2054052 elementor-widget elementor-widget-html\" data-id=\"2054052\" data-element_type=\"widget\" data-e-type=\"widget\" data-widget_type=\"html.default\">\n\t\t\t\t<div class=\"elementor-widget-container\">\n\t\t\t\t\t<iframe width=\"560\" height=\"315\" src=\"https:\/\/www.youtube.com\/embed\/F9jqiudQoo0?si=hX_OI2NSi6h_eouR\" title=\"Tr\u00ecnh ph\u00e1t video YouTube\" frameborder=\"0\" allow=\"accelerometer; autoplay; clipboard-write; encrypted-media; gyroscope; picture-in-picture; web-share\" referrerpolicy=\"strict-origin-when-cross-origin\" allowfullscreen><\/iframe>\t\t\t\t<\/div>\n\t\t\t\t<\/div>\n\t\t\t\t<div class=\"elementor-element elementor-element-1e9d2a0 elementor-widget elementor-widget-heading\" data-id=\"1e9d2a0\" data-element_type=\"widget\" data-e-type=\"widget\" data-widget_type=\"heading.default\">\n\t\t\t\t<div class=\"elementor-widget-container\">\n\t\t\t\t\t<h2 class=\"elementor-heading-title elementor-size-default\"><a href=\"https:\/\/www.youtube.com\/watch?v=F9jqiudQoo0\">Qu\u00e1 tr\u00ecnh tinh ch\u1ebf \u1ed1ng th\u1ea1ch anh \u1edf nhi\u1ec7t \u0111\u1ed9 2600\u00b0C<\/a><\/h2>\t\t\t\t<\/div>\n\t\t\t\t<\/div>\n\t\t\t\t<\/div>\n\t\t\t\t\t<\/div>\n\t\t\t\t<\/div>\n\t\t<div class=\"elementor-element elementor-element-444dc95 e-flex e-con-boxed e-con e-parent\" data-id=\"444dc95\" data-element_type=\"container\" data-e-type=\"container\" data-settings=\"{&quot;background_background&quot;:&quot;classic&quot;}\">\n\t\t\t\t\t<div class=\"e-con-inner\">\n\t\t<div class=\"elementor-element elementor-element-1bf398f e-con-full e-flex e-con e-child\" data-id=\"1bf398f\" data-element_type=\"container\" data-e-type=\"container\">\n\t\t\t\t<div class=\"elementor-element elementor-element-34f1d4d elementor-widget elementor-widget-heading\" data-id=\"34f1d4d\" data-element_type=\"widget\" data-e-type=\"widget\" data-widget_type=\"heading.default\">\n\t\t\t\t<div class=\"elementor-widget-container\">\n\t\t\t\t\t<h2 class=\"elementor-heading-title elementor-size-default\">H\u1ee3p t\u00e1c v\u1edbi ch\u00fang t\u00f4i ngay h\u00f4m nay<\/h2>\t\t\t\t<\/div>\n\t\t\t\t<\/div>\n\t\t\t\t<div class=\"elementor-element elementor-element-34a7ae3 elementor-widget elementor-widget-text-editor\" data-id=\"34a7ae3\" data-element_type=\"widget\" data-e-type=\"widget\" data-widget_type=\"text-editor.default\">\n\t\t\t\t<div class=\"elementor-widget-container\">\n\t\t\t\t\t\t\t\t\t<p>Tr\u1ea3i nghi\u1ec7m ch\u1ea5t l\u01b0\u1ee3ng v\u00e0 d\u1ecbch v\u1ee5 v\u01b0\u1ee3t tr\u1ed9i c\u1ee7a GlobalQT. Li\u00ean h\u1ec7 v\u1edbi ch\u00fang t\u00f4i ngay b\u00e2y gi\u1edd n\u1ebfu b\u1ea1n c\u00f3 nhu c\u1ea7u v\u1ec1 \u1ed1ng th\u1ea1ch anh.<\/p>\t\t\t\t\t\t\t\t<\/div>\n\t\t\t\t<\/div>\n\t\t\t\t<div class=\"elementor-element elementor-element-e0ebe1c elementor-align-center elementor-widget elementor-widget-button\" data-id=\"e0ebe1c\" data-element_type=\"widget\" data-e-type=\"widget\" data-widget_type=\"button.default\">\n\t\t\t\t<div class=\"elementor-widget-container\">\n\t\t\t\t\t\t\t\t\t<div class=\"elementor-button-wrapper\">\n\t\t\t\t\t<a class=\"elementor-button elementor-button-link elementor-size-sm\" href=\"#elementor-action%3Aaction%3Dpopup%3Aopen%26settings%3DeyJpZCI6IjU3OTYiLCJ0b2dnbGUiOmZhbHNlfQ%3D%3D\">\n\t\t\t\t\t\t<span class=\"elementor-button-content-wrapper\">\n\t\t\t\t\t\t\t\t\t<span class=\"elementor-button-text\">Y\u00eau c\u1ea7u m\u1ed9t cu\u1ed9c tham v\u1ea5n &gt;<\/span>\n\t\t\t\t\t<\/span>\n\t\t\t\t\t<\/a>\n\t\t\t\t<\/div>\n\t\t\t\t\t\t\t\t<\/div>\n\t\t\t\t<\/div>\n\t\t\t\t<\/div>\n\t\t\t\t\t<\/div>\n\t\t\t\t<\/div>\n\t\t\t\t<\/div>","protected":false},"excerpt":{"rendered":"<p>Videos This page features a collection of short videos we\u2019ve taken directly from our workshop\u2014showing real quartz products we\u2019ve made, just as they are. Most clips highlight the finished results of custom quartz tubes, rods, and other items. While not professionally filmed, these videos give a straightforward view into what we do and how our [&hellip;]<\/p>\n","protected":false},"author":1,"featured_media":0,"parent":0,"menu_order":0,"comment_status":"closed","ping_status":"closed","template":"","meta":{"_seopress_robots_primary_cat":"","_seopress_titles_title":"Quartz Product Showcase Videos","_seopress_titles_desc":"Explore short factory-shot videos showing the final appearance and real-world details of our quartz tubes, rods, and other products.","_seopress_robots_index":"","_uag_custom_page_level_css":"","site-sidebar-layout":"no-sidebar","site-content-layout":"page-builder","ast-site-content-layout":"full-width-container","site-content-style":"default","site-sidebar-style":"default","ast-global-header-display":"","ast-banner-title-visibility":"","ast-main-header-display":"","ast-hfb-above-header-display":"","ast-hfb-below-header-display":"","ast-hfb-mobile-header-display":"","site-post-title":"disabled","ast-breadcrumbs-content":"","ast-featured-img":"disabled","footer-sml-layout":"","ast-disable-related-posts":"","theme-transparent-header-meta":"","adv-header-id-meta":"","stick-header-meta":"","header-above-stick-meta":"","header-main-stick-meta":"","header-below-stick-meta":"","astra-migrate-meta-layouts":"set","ast-page-background-enabled":"default","ast-page-background-meta":{"desktop":{"background-color":"var(--ast-global-color-4)","background-image":"","background-repeat":"repeat","background-position":"center center","background-size":"auto","background-attachment":"scroll","background-type":"","background-media":"","overlay-type":"","overlay-color":"","overlay-opacity":"","overlay-gradient":""},"tablet":{"background-color":"","background-image":"","background-repeat":"repeat","background-position":"center center","background-size":"auto","background-attachment":"scroll","background-type":"","background-media":"","overlay-type":"","overlay-color":"","overlay-opacity":"","overlay-gradient":""},"mobile":{"background-color":"","background-image":"","background-repeat":"repeat","background-position":"center center","background-size":"auto","background-attachment":"scroll","background-type":"","background-media":"","overlay-type":"","overlay-color":"","overlay-opacity":"","overlay-gradient":""}},"ast-content-background-meta":{"desktop":{"background-color":"var(--ast-global-color-5)","background-image":"","background-repeat":"repeat","background-position":"center center","background-size":"auto","background-attachment":"scroll","background-type":"","background-media":"","overlay-type":"","overlay-color":"","overlay-opacity":"","overlay-gradient":""},"tablet":{"background-color":"var(--ast-global-color-5)","background-image":"","background-repeat":"repeat","background-position":"center center","background-size":"auto","background-attachment":"scroll","background-type":"","background-media":"","overlay-type":"","overlay-color":"","overlay-opacity":"","overlay-gradient":""},"mobile":{"background-color":"var(--ast-global-color-5)","background-image":"","background-repeat":"repeat","background-position":"center center","background-size":"auto","background-attachment":"scroll","background-type":"","background-media":"","overlay-type":"","overlay-color":"","overlay-opacity":"","overlay-gradient":""}},"footnotes":""},"class_list":["post-6098","page","type-page","status-publish","hentry"],"uagb_featured_image_src":{"full":false,"thumbnail":false,"medium":false,"medium_large":false,"large":false,"1536x1536":false,"2048x2048":false,"trp-custom-language-flag":false},"uagb_author_info":{"display_name":"Nola Zhang","author_link":"https:\/\/globalquartztube.com\/vi\/author\/nola\/"},"uagb_comment_info":0,"uagb_excerpt":"Videos This page features a collection of short videos we\u2019ve taken directly from our workshop\u2014showing real quartz products we\u2019ve made, just as they are. Most clips highlight the finished results of custom quartz tubes, rods, and other items. While not professionally filmed, these videos give a straightforward view into what we do and how our&hellip;","_links":{"self":[{"href":"https:\/\/globalquartztube.com\/vi\/wp-json\/wp\/v2\/pages\/6098","targetHints":{"allow":["GET"]}}],"collection":[{"href":"https:\/\/globalquartztube.com\/vi\/wp-json\/wp\/v2\/pages"}],"about":[{"href":"https:\/\/globalquartztube.com\/vi\/wp-json\/wp\/v2\/types\/page"}],"author":[{"embeddable":true,"href":"https:\/\/globalquartztube.com\/vi\/wp-json\/wp\/v2\/users\/1"}],"replies":[{"embeddable":true,"href":"https:\/\/globalquartztube.com\/vi\/wp-json\/wp\/v2\/comments?post=6098"}],"version-history":[{"count":125,"href":"https:\/\/globalquartztube.com\/vi\/wp-json\/wp\/v2\/pages\/6098\/revisions"}],"predecessor-version":[{"id":6361,"href":"https:\/\/globalquartztube.com\/vi\/wp-json\/wp\/v2\/pages\/6098\/revisions\/6361"}],"wp:attachment":[{"href":"https:\/\/globalquartztube.com\/vi\/wp-json\/wp\/v2\/media?parent=6098"}],"curies":[{"name":"wp","href":"https:\/\/api.w.org\/{rel}","templated":true}]}}