{"id":3,"date":"2024-03-01T08:15:22","date_gmt":"2024-03-01T08:15:22","guid":{"rendered":"https:\/\/globalquartztube.com\/?page_id=3"},"modified":"2024-04-07T11:15:10","modified_gmt":"2024-04-07T03:15:10","slug":"privacy-policy","status":"publish","type":"page","link":"https:\/\/globalquartztube.com\/pl\/privacy-policy\/","title":{"rendered":"Polityka prywatno\u015bci"},"content":{"rendered":"<h2 class=\"wp-block-heading\">Kim jeste\u015bmy<\/h2><p><strong class=\"privacy-policy-tutorial\">Sugerowany tekst: <\/strong>Adres naszej strony internetowej to: https:\/\/globalquartztube.com.<\/p><h2 class=\"wp-block-heading\">Uwagi<\/h2><p><strong class=\"privacy-policy-tutorial\">Sugerowany tekst: <\/strong>Kiedy odwiedzaj\u0105cy witryn\u0119 zostawia komentarz, zbieramy dane widoczne w formularzu komentowania, a tak\u017ce adres IP odwiedzaj\u0105cego i podpis jego przegl\u0105darki, aby pom\u00f3c w wykrywaniu spamu.<\/p><p>Zanonimizowany ci\u0105g znak\u00f3w utworzony na podstawie Twojego adresu e-mail (zwany tak\u017ce skr\u00f3tem) mo\u017ce zosta\u0107 przes\u0142any do us\u0142ugi Gravatar w celu sprawdzenia, czy z niej korzystasz. Polityka prywatno\u015bci us\u0142ugi Gravatar dost\u0119pna jest tutaj: https:\/\/automattic.com\/privacy\/. Po zatwierdzeniu komentarza Twoje zdj\u0119cie profilowe b\u0119dzie widoczne publicznie w kontek\u015bcie Twojego komentarza.<\/p><h2 class=\"wp-block-heading\">G\u0142oska bezd\u017awi\u0119czna<\/h2><p><strong class=\"privacy-policy-tutorial\">Sugerowany tekst: <\/strong>Je\u015bli przesy\u0142asz obrazy na stron\u0119 internetow\u0105, powiniene\u015b unika\u0107 przesy\u0142ania obraz\u00f3w z osadzonymi danymi o lokalizacji (EXIF GPS). Odwiedzaj\u0105cy witryn\u0119 mog\u0105 pobiera\u0107 i wyodr\u0119bnia\u0107 dowolne dane dotycz\u0105ce lokalizacji z obraz\u00f3w znajduj\u0105cych si\u0119 na stronie internetowej.<\/p><h2 class=\"wp-block-heading\">Ciasteczka<\/h2><p><strong class=\"privacy-policy-tutorial\">Sugerowany tekst: <\/strong>Je\u015bli zostawisz komentarz na naszej stronie, mo\u017cesz wyrazi\u0107 zgod\u0119 na zapisywanie Twojego imienia i nazwiska, adresu e-mail i strony internetowej w plikach cookie. Maj\u0105 one na celu Twoj\u0105 wygod\u0119, aby\u015b nie musia\u0142 ponownie wpisywa\u0107 swoich danych, gdy dodasz kolejny komentarz. Te pliki cookie b\u0119d\u0105 wa\u017cne przez rok.<\/p><p>Je\u015bli odwiedzisz nasz\u0105 stron\u0119 logowania, utworzymy tymczasowy plik cookie na potrzeby sprawdzenia, czy Twoja przegl\u0105darka akceptuje pliki cookie. Ten plik cookie nie zawiera \u017cadnych danych osobowych i jest usuwany po zamkni\u0119ciu przegl\u0105darki.<\/p><p>Kiedy si\u0119 zalogujesz, utworzymy r\u00f3wnie\u017c kilka plik\u00f3w cookie, aby zapisa\u0107 Twoje dane logowania i wybrane opcje wy\u015bwietlania ekranu. Pliki cookie s\u0142u\u017c\u0105ce do logowania s\u0105 wa\u017cne przez dwa dni, a pliki cookie dotycz\u0105ce opcji ekranowych \u2013 przez rok. Je\u015bli wybierzesz opcj\u0119 \u201eZapami\u0119taj mnie\u201d, Tw\u00f3j login b\u0119dzie wa\u017cny przez dwa tygodnie. Je\u015bli wylogujesz si\u0119 ze swojego konta, pliki cookie logowania zostan\u0105 usuni\u0119te.<\/p><p>Je\u015bli zmodyfikujesz lub opublikujesz artyku\u0142, w Twojej przegl\u0105darce zostanie zapisane dodatkowe ciasteczko. Ten plik cookie nie zawiera \u017cadnych danych osobowych i po prostu wskazuje identyfikator wpisu w\u0142a\u015bnie edytowanego artyku\u0142u. Wygasa po 1 dniu.<\/p><h2 class=\"wp-block-heading\">Osadzone tre\u015bci z innych stron internetowych<\/h2><p><strong class=\"privacy-policy-tutorial\">Sugerowany tekst: <\/strong>Artyku\u0142y w tej witrynie mog\u0105 zawiera\u0107 osadzone tre\u015bci (np. filmy, obrazy, artyku\u0142y itp.). Osadzone tre\u015bci z innych witryn zachowuj\u0105 si\u0119 dok\u0142adnie tak samo, jakby u\u017cytkownik odwiedzi\u0142 inn\u0105 witryn\u0119.<\/p><p>Strony te mog\u0105 zbiera\u0107 dane o Tobie, wykorzystywa\u0107 pliki cookie, osadza\u0107 dodatkowe \u015bledzenie stron trzecich i monitorowa\u0107 Twoj\u0105 interakcj\u0119 z osadzon\u0105 tre\u015bci\u0105, w tym \u015bledzenie Twojej interakcji z osadzon\u0105 tre\u015bci\u0105, je\u015bli masz konto i jeste\u015b zalogowany w tej witrynie.<\/p><h2 class=\"wp-block-heading\">Komu udost\u0119pniamy Twoje dane<\/h2><p><strong class=\"privacy-policy-tutorial\">Sugerowany tekst: <\/strong>Je\u015bli poprosisz o zresetowanie has\u0142a, Tw\u00f3j adres IP zostanie zawarty w wiadomo\u015bci e-mail dotycz\u0105cej resetowania.<\/p><h2 class=\"wp-block-heading\">Jak d\u0142ugo przechowujemy Twoje dane<\/h2><p><strong class=\"privacy-policy-tutorial\">Sugerowany tekst: <\/strong>Je\u015bli zostawisz komentarz, komentarz i jego metadane b\u0119d\u0105 przechowywane przez czas nieokre\u015blony. Dzi\u0119ki temu mo\u017cemy automatycznie rozpoznawa\u0107 i zatwierdza\u0107 wszelkie kolejne komentarze, zamiast umieszcza\u0107 je w kolejce moderacji.<\/p><p>W przypadku u\u017cytkownik\u00f3w, kt\u00f3rzy zarejestruj\u0105 si\u0119 na naszej stronie internetowej (je\u015bli istniej\u0105), przechowujemy r\u00f3wnie\u017c dane osobowe, kt\u00f3re podaj\u0105 w swoim profilu u\u017cytkownika. Wszyscy u\u017cytkownicy mog\u0105 w dowolnym momencie przegl\u0105da\u0107, edytowa\u0107 lub usuwa\u0107 swoje dane osobowe (z wyj\u0105tkiem tego, \u017ce nie mog\u0105 zmieni\u0107 swojej nazwy u\u017cytkownika). Administratorzy witryny r\u00f3wnie\u017c mog\u0105 przegl\u0105da\u0107 i edytowa\u0107 te informacje.<\/p><h2 class=\"wp-block-heading\">Jakie masz prawa do swoich danych<\/h2><p><strong class=\"privacy-policy-tutorial\">Sugerowany tekst: <\/strong>Je\u015bli masz konto w tej witrynie lub doda\u0142e\u015b komentarze, mo\u017cesz poprosi\u0107 o otrzymanie pliku z wyeksportowanym kompletem danych osobowych, kt\u00f3re posiadamy na Tw\u00f3j temat, w tym wszelkich danych, kt\u00f3re nam przekaza\u0142e\u015b. Mo\u017cesz tak\u017ce za\u017c\u0105da\u0107 usuni\u0119cia przez nas wszelkich danych osobowych, kt\u00f3re posiadamy na Tw\u00f3j temat. Nie dotyczy to \u017cadnych danych, kt\u00f3re jeste\u015bmy zobowi\u0105zani przechowywa\u0107 ze wzgl\u0119d\u00f3w administracyjnych, prawnych lub bezpiecze\u0144stwa.<\/p><h2 class=\"wp-block-heading\">Gdzie przesy\u0142ane s\u0105 Twoje dane<\/h2><p><strong class=\"privacy-policy-tutorial\">Sugerowany tekst: <\/strong>Komentarze go\u015bci mog\u0105 by\u0107 sprawdzane za pomoc\u0105 automatycznej us\u0142ugi wykrywania spamu.<\/p>","protected":false},"excerpt":{"rendered":"<p>Who we are Suggested text: Our website address is: https:\/\/globalquartztube.com. Comments Suggested text: When visitors leave comments on the site we collect the data shown in the comments form, and also the visitor&#8217;s IP address and browser user agent string to help spam detection. An anonymized string created from your email address (also called a [&hellip;]<\/p>\n","protected":false},"author":1,"featured_media":0,"parent":0,"menu_order":0,"comment_status":"closed","ping_status":"open","template":"","meta":{"_seopress_robots_primary_cat":"","_seopress_titles_title":"Privacy Policy | GlobalQT","_seopress_titles_desc":"Our website address is: https:\/\/globalquartztube.com. When visitors leave comments on the site we collect the data shown in the comments form, and also the visitor\u2019s IP address and browser user agent string to help spam detection.","_seopress_robots_index":"","_uag_custom_page_level_css":"","site-sidebar-layout":"default","site-content-layout":"","ast-site-content-layout":"default","site-content-style":"default","site-sidebar-style":"default","ast-global-header-display":"","ast-banner-title-visibility":"","ast-main-header-display":"","ast-hfb-above-header-display":"","ast-hfb-below-header-display":"","ast-hfb-mobile-header-display":"","site-post-title":"","ast-breadcrumbs-content":"","ast-featured-img":"","footer-sml-layout":"","ast-disable-related-posts":"","theme-transparent-header-meta":"","adv-header-id-meta":"","stick-header-meta":"","header-above-stick-meta":"","header-main-stick-meta":"","header-below-stick-meta":"","astra-migrate-meta-layouts":"set","ast-page-background-enabled":"default","ast-page-background-meta":{"desktop":{"background-color":"var(--ast-global-color-4)","background-image":"","background-repeat":"repeat","background-position":"center center","background-size":"auto","background-attachment":"scroll","background-type":"","background-media":"","overlay-type":"","overlay-color":"","overlay-opacity":"","overlay-gradient":""},"tablet":{"background-color":"","background-image":"","background-repeat":"repeat","background-position":"center center","background-size":"auto","background-attachment":"scroll","background-type":"","background-media":"","overlay-type":"","overlay-color":"","overlay-opacity":"","overlay-gradient":""},"mobile":{"background-color":"","background-image":"","background-repeat":"repeat","background-position":"center center","background-size":"auto","background-attachment":"scroll","background-type":"","background-media":"","overlay-type":"","overlay-color":"","overlay-opacity":"","overlay-gradient":""}},"ast-content-background-meta":{"desktop":{"background-color":"var(--ast-global-color-5)","background-image":"","background-repeat":"repeat","background-position":"center center","background-size":"auto","background-attachment":"scroll","background-type":"","background-media":"","overlay-type":"","overlay-color":"","overlay-opacity":"","overlay-gradient":""},"tablet":{"background-color":"var(--ast-global-color-5)","background-image":"","background-repeat":"repeat","background-position":"center center","background-size":"auto","background-attachment":"scroll","background-type":"","background-media":"","overlay-type":"","overlay-color":"","overlay-opacity":"","overlay-gradient":""},"mobile":{"background-color":"var(--ast-global-color-5)","background-image":"","background-repeat":"repeat","background-position":"center center","background-size":"auto","background-attachment":"scroll","background-type":"","background-media":"","overlay-type":"","overlay-color":"","overlay-opacity":"","overlay-gradient":""}},"footnotes":""},"class_list":["post-3","page","type-page","status-publish","hentry"],"uagb_featured_image_src":{"full":false,"thumbnail":false,"medium":false,"medium_large":false,"large":false,"1536x1536":false,"2048x2048":false,"trp-custom-language-flag":false},"uagb_author_info":{"display_name":"Nola Zhang","author_link":"https:\/\/globalquartztube.com\/pl\/author\/nola\/"},"uagb_comment_info":0,"uagb_excerpt":"Who we are Suggested text: Our website address is: https:\/\/globalquartztube.com. Comments Suggested text: When visitors leave comments on the site we collect the data shown in the comments form, and also the visitor&#8217;s IP address and browser user agent string to help spam detection. An anonymized string created from your email address (also called a&hellip;","_links":{"self":[{"href":"https:\/\/globalquartztube.com\/pl\/wp-json\/wp\/v2\/pages\/3","targetHints":{"allow":["GET"]}}],"collection":[{"href":"https:\/\/globalquartztube.com\/pl\/wp-json\/wp\/v2\/pages"}],"about":[{"href":"https:\/\/globalquartztube.com\/pl\/wp-json\/wp\/v2\/types\/page"}],"author":[{"embeddable":true,"href":"https:\/\/globalquartztube.com\/pl\/wp-json\/wp\/v2\/users\/1"}],"replies":[{"embeddable":true,"href":"https:\/\/globalquartztube.com\/pl\/wp-json\/wp\/v2\/comments?post=3"}],"version-history":[{"count":1,"href":"https:\/\/globalquartztube.com\/pl\/wp-json\/wp\/v2\/pages\/3\/revisions"}],"predecessor-version":[{"id":1643,"href":"https:\/\/globalquartztube.com\/pl\/wp-json\/wp\/v2\/pages\/3\/revisions\/1643"}],"wp:attachment":[{"href":"https:\/\/globalquartztube.com\/pl\/wp-json\/wp\/v2\/media?parent=3"}],"curies":[{"name":"wp","href":"https:\/\/api.w.org\/{rel}","templated":true}]}}