{"id":3,"date":"2024-03-01T08:15:22","date_gmt":"2024-03-01T08:15:22","guid":{"rendered":"https:\/\/globalquartztube.com\/?page_id=3"},"modified":"2024-04-07T11:15:10","modified_gmt":"2024-04-07T03:15:10","slug":"privacy-policy","status":"publish","type":"page","link":"https:\/\/globalquartztube.com\/lv\/privacy-policy\/","title":{"rendered":"Priv\u0101tuma politika"},"content":{"rendered":"<h2 class=\"wp-block-heading\">Kas m\u0113s esam<\/h2><p><strong class=\"privacy-policy-tutorial\">Ieteicamais teksts: <\/strong>M\u016bsu vietnes adrese ir: https:\/\/globalquartztube.com.<\/p><h2 class=\"wp-block-heading\">koment\u0101ri<\/h2><p><strong class=\"privacy-policy-tutorial\">Ieteicamais teksts: <\/strong>Kad apmekl\u0113t\u0101ji atst\u0101j koment\u0101rus vietn\u0113, m\u0113s apkopojam koment\u0101ru veidlap\u0101 redzamos datus, k\u0101 ar\u012b apmekl\u0113t\u0101ja IP adresi un p\u0101rl\u016bkprogrammas lietot\u0101ja a\u0123enta virkni, lai pal\u012bdz\u0113tu atkl\u0101t surog\u0101tpastu.<\/p><p>Anonimiz\u0113ta virkne, kas izveidota no j\u016bsu e-pasta adreses (saukta ar\u012b par hash), var tikt nodro\u0161in\u0101ta pakalpojumam Gravatar, lai redz\u0113tu, vai j\u016bs to izmantojat. Gravatar pakalpojuma priv\u0101tuma politika ir pieejama \u0161eit: https:\/\/automattic.com\/privacy\/. P\u0113c j\u016bsu koment\u0101ra apstiprin\u0101\u0161anas j\u016bsu profila att\u0113ls ir publiski redzams j\u016bsu koment\u0101ra kontekst\u0101.<\/p><h2 class=\"wp-block-heading\">Pla\u0161sazi\u0146as l\u012bdzek\u013ci<\/h2><p><strong class=\"privacy-policy-tutorial\">Ieteicamais teksts: <\/strong>Ja aug\u0161upiel\u0101d\u0113jat att\u0113lus vietn\u0113, jums nevajadz\u0113tu aug\u0161upiel\u0101d\u0113t att\u0113lus ar iek\u013cautiem atra\u0161an\u0101s vietas datiem (EXIF GPS). Vietnes apmekl\u0113t\u0101ji var lejupiel\u0101d\u0113t un ieg\u016bt jebk\u0101dus atra\u0161an\u0101s vietas datus no vietn\u0113 eso\u0161ajiem att\u0113liem.<\/p><h2 class=\"wp-block-heading\">S\u012bkdatnes<\/h2><p><strong class=\"privacy-policy-tutorial\">Ieteicamais teksts: <\/strong>Ja atst\u0101jat koment\u0101ru m\u016bsu vietn\u0113, varat izv\u0113l\u0113ties saglab\u0101t savu v\u0101rdu, e-pasta adresi un vietni s\u012bkfailos. Tie ir paredz\u0113ti j\u016bsu \u0113rt\u012bb\u0101m, lai jums neb\u016btu v\u0113lreiz j\u0101ievada sava inform\u0101cija, kad atst\u0101jat citu koment\u0101ru. \u0160\u012bs s\u012bkdatnes kalpos vienu gadu.<\/p><p>Ja apmekl\u0113jat m\u016bsu pieteik\u0161an\u0101s lapu, m\u0113s iestat\u012bsim pagaidu s\u012bkfailu, lai noteiktu, vai j\u016bsu p\u0101rl\u016bkprogramma pie\u0146em s\u012bkfailus. \u0160aj\u0101 s\u012bkdatn\u0113 nav personas datu, un t\u0101 tiek atmesta, kad aizverat p\u0101rl\u016bkprogrammu.<\/p><p>Kad j\u016bs piesak\u0101ties, m\u0113s ar\u012b iestat\u012bsim vair\u0101kus s\u012bkfailus, lai saglab\u0101tu j\u016bsu pieteik\u0161an\u0101s inform\u0101ciju un ekr\u0101na displeja izv\u0113les. Pieteik\u0161an\u0101s s\u012bkfaili darbojas divas dienas, un ekr\u0101na opciju s\u012bkfaili darbojas gadu. Ja atlas\u012bsit &quot;Atcer\u0113ties mani&quot;, j\u016bsu pieteik\u0161an\u0101s tiks saglab\u0101ta divas ned\u0113\u013cas. Ja j\u016bs izrakst\u0101ties no sava konta, pieteik\u0161an\u0101s s\u012bkfaili tiks no\u0146emti.<\/p><p>Ja redi\u0123\u0113jat vai public\u0113jat rakstu, j\u016bsu p\u0101rl\u016bkprogramm\u0101 tiks saglab\u0101ts papildu s\u012bkfails. \u0160aj\u0101 s\u012bkfail\u0101 nav ietverti personas dati, un tas vienk\u0101r\u0161i nor\u0101da tikko redi\u0123\u0113t\u0101 raksta zi\u0146as ID. Tas beidzas p\u0113c 1 dienas.<\/p><h2 class=\"wp-block-heading\">Iegultais saturs no cit\u0101m vietn\u0113m<\/h2><p><strong class=\"privacy-policy-tutorial\">Ieteicamais teksts: <\/strong>\u0160\u012bs vietnes rakstos var b\u016bt iegults saturs (piem\u0113ram, videoklipi, att\u0113li, raksti utt.). Iegultais saturs no cit\u0101m vietn\u0113m darbojas tie\u0161i t\u0101pat k\u0101 tad, ja apmekl\u0113t\u0101js b\u016btu apmekl\u0113jis citu vietni.<\/p><p>\u0160\u012bs vietnes var v\u0101kt datus par jums, izmantot s\u012bkfailus, iegult papildu tre\u0161\u0101s puses izseko\u0161anu un p\u0101rraudz\u012bt j\u016bsu mijiedarb\u012bbu ar \u0161o iegulto saturu, tostarp izsekot j\u016bsu mijiedarb\u012bbai ar iegulto saturu, ja jums ir konts un esat pieteicies \u0161aj\u0101 vietn\u0113.<\/p><h2 class=\"wp-block-heading\">Ar ko m\u0113s kop\u012bgojam j\u016bsu datus<\/h2><p><strong class=\"privacy-policy-tutorial\">Ieteicamais teksts: <\/strong>Ja piepras\u0101t paroles atiestat\u012b\u0161anu, j\u016bsu IP adrese tiks iek\u013cauta atiestat\u012b\u0161anas e-past\u0101.<\/p><h2 class=\"wp-block-heading\">Cik ilgi m\u0113s saglab\u0101jam j\u016bsu datus<\/h2><p><strong class=\"privacy-policy-tutorial\">Ieteicamais teksts: <\/strong>Ja atst\u0101jat koment\u0101ru, koment\u0101rs un t\u0101 metadati tiek saglab\u0101ti uz nenoteiktu laiku. Tas ir t\u0101p\u0113c, lai m\u0113s var\u0113tu autom\u0101tiski atpaz\u012bt un apstiprin\u0101t visus turpm\u0101kos koment\u0101rus, nevis tur\u0113t tos regul\u0113\u0161anas rind\u0101.<\/p><p>Lietot\u0101jiem, kas re\u0123istr\u0113jas m\u016bsu vietn\u0113 (ja t\u0101di ir), m\u0113s ar\u012b saglab\u0101jam vi\u0146u sniegto personisko inform\u0101ciju sav\u0101 lietot\u0101ja profil\u0101. Visi lietot\u0101ji jebkur\u0101 laik\u0101 var redz\u0113t, redi\u0123\u0113t vai dz\u0113st savu personisko inform\u0101ciju (iz\u0146emot to, ka vi\u0146i nevar main\u012bt savu lietot\u0101jv\u0101rdu). Viet\u0146u administratori var ar\u012b redz\u0113t un redi\u0123\u0113t \u0161o inform\u0101ciju.<\/p><h2 class=\"wp-block-heading\">K\u0101das ties\u012bbas jums ir uz saviem datiem<\/h2><p><strong class=\"privacy-policy-tutorial\">Ieteicamais teksts: <\/strong>Ja jums ir konts \u0161aj\u0101 vietn\u0113 vai esat atst\u0101jis koment\u0101rus, varat piepras\u012bt eksport\u0113tu failu ar m\u016bsu r\u012bc\u012bb\u0101 eso\u0161ajiem personas datiem par jums, tostarp visiem datiem, ko esat mums sniedzis. Varat ar\u012b piepras\u012bt, lai m\u0113s dz\u0113stu visus m\u016bsu r\u012bc\u012bb\u0101 eso\u0161os personas datus par jums. Tas neietver nek\u0101dus datus, kas mums ir j\u0101uzglab\u0101 administrat\u012bvos, juridiskos vai dro\u0161\u012bbas nol\u016bkos.<\/p><h2 class=\"wp-block-heading\">Kur tiek nos\u016bt\u012bti j\u016bsu dati<\/h2><p><strong class=\"privacy-policy-tutorial\">Ieteicamais teksts: <\/strong>Apmekl\u0113t\u0101ju koment\u0101rus var p\u0101rbaud\u012bt, izmantojot automatiz\u0113tu surog\u0101tpasta noteik\u0161anas pakalpojumu.<\/p>","protected":false},"excerpt":{"rendered":"<p>Who we are Suggested text: Our website address is: https:\/\/globalquartztube.com. Comments Suggested text: When visitors leave comments on the site we collect the data shown in the comments form, and also the visitor&#8217;s IP address and browser user agent string to help spam detection. An anonymized string created from your email address (also called a [&hellip;]<\/p>\n","protected":false},"author":1,"featured_media":0,"parent":0,"menu_order":0,"comment_status":"closed","ping_status":"open","template":"","meta":{"_seopress_robots_primary_cat":"","_seopress_titles_title":"Privacy Policy | GlobalQT","_seopress_titles_desc":"Our website address is: https:\/\/globalquartztube.com. When visitors leave comments on the site we collect the data shown in the comments form, and also the visitor\u2019s IP address and browser user agent string to help spam detection.","_seopress_robots_index":"","_uag_custom_page_level_css":"","site-sidebar-layout":"default","site-content-layout":"","ast-site-content-layout":"default","site-content-style":"default","site-sidebar-style":"default","ast-global-header-display":"","ast-banner-title-visibility":"","ast-main-header-display":"","ast-hfb-above-header-display":"","ast-hfb-below-header-display":"","ast-hfb-mobile-header-display":"","site-post-title":"","ast-breadcrumbs-content":"","ast-featured-img":"","footer-sml-layout":"","ast-disable-related-posts":"","theme-transparent-header-meta":"","adv-header-id-meta":"","stick-header-meta":"","header-above-stick-meta":"","header-main-stick-meta":"","header-below-stick-meta":"","astra-migrate-meta-layouts":"set","ast-page-background-enabled":"default","ast-page-background-meta":{"desktop":{"background-color":"var(--ast-global-color-4)","background-image":"","background-repeat":"repeat","background-position":"center center","background-size":"auto","background-attachment":"scroll","background-type":"","background-media":"","overlay-type":"","overlay-color":"","overlay-opacity":"","overlay-gradient":""},"tablet":{"background-color":"","background-image":"","background-repeat":"repeat","background-position":"center center","background-size":"auto","background-attachment":"scroll","background-type":"","background-media":"","overlay-type":"","overlay-color":"","overlay-opacity":"","overlay-gradient":""},"mobile":{"background-color":"","background-image":"","background-repeat":"repeat","background-position":"center center","background-size":"auto","background-attachment":"scroll","background-type":"","background-media":"","overlay-type":"","overlay-color":"","overlay-opacity":"","overlay-gradient":""}},"ast-content-background-meta":{"desktop":{"background-color":"var(--ast-global-color-5)","background-image":"","background-repeat":"repeat","background-position":"center center","background-size":"auto","background-attachment":"scroll","background-type":"","background-media":"","overlay-type":"","overlay-color":"","overlay-opacity":"","overlay-gradient":""},"tablet":{"background-color":"var(--ast-global-color-5)","background-image":"","background-repeat":"repeat","background-position":"center center","background-size":"auto","background-attachment":"scroll","background-type":"","background-media":"","overlay-type":"","overlay-color":"","overlay-opacity":"","overlay-gradient":""},"mobile":{"background-color":"var(--ast-global-color-5)","background-image":"","background-repeat":"repeat","background-position":"center center","background-size":"auto","background-attachment":"scroll","background-type":"","background-media":"","overlay-type":"","overlay-color":"","overlay-opacity":"","overlay-gradient":""}},"footnotes":""},"class_list":["post-3","page","type-page","status-publish","hentry"],"uagb_featured_image_src":{"full":false,"thumbnail":false,"medium":false,"medium_large":false,"large":false,"1536x1536":false,"2048x2048":false,"trp-custom-language-flag":false},"uagb_author_info":{"display_name":"Nola Zhang","author_link":"https:\/\/globalquartztube.com\/lv\/author\/nola\/"},"uagb_comment_info":0,"uagb_excerpt":"Who we are Suggested text: Our website address is: https:\/\/globalquartztube.com. Comments Suggested text: When visitors leave comments on the site we collect the data shown in the comments form, and also the visitor&#8217;s IP address and browser user agent string to help spam detection. An anonymized string created from your email address (also called a&hellip;","_links":{"self":[{"href":"https:\/\/globalquartztube.com\/lv\/wp-json\/wp\/v2\/pages\/3","targetHints":{"allow":["GET"]}}],"collection":[{"href":"https:\/\/globalquartztube.com\/lv\/wp-json\/wp\/v2\/pages"}],"about":[{"href":"https:\/\/globalquartztube.com\/lv\/wp-json\/wp\/v2\/types\/page"}],"author":[{"embeddable":true,"href":"https:\/\/globalquartztube.com\/lv\/wp-json\/wp\/v2\/users\/1"}],"replies":[{"embeddable":true,"href":"https:\/\/globalquartztube.com\/lv\/wp-json\/wp\/v2\/comments?post=3"}],"version-history":[{"count":1,"href":"https:\/\/globalquartztube.com\/lv\/wp-json\/wp\/v2\/pages\/3\/revisions"}],"predecessor-version":[{"id":1643,"href":"https:\/\/globalquartztube.com\/lv\/wp-json\/wp\/v2\/pages\/3\/revisions\/1643"}],"wp:attachment":[{"href":"https:\/\/globalquartztube.com\/lv\/wp-json\/wp\/v2\/media?parent=3"}],"curies":[{"name":"wp","href":"https:\/\/api.w.org\/{rel}","templated":true}]}}