{"id":3,"date":"2024-03-01T08:15:22","date_gmt":"2024-03-01T08:15:22","guid":{"rendered":"https:\/\/globalquartztube.com\/?page_id=3"},"modified":"2024-04-07T11:15:10","modified_gmt":"2024-04-07T03:15:10","slug":"privacy-policy","status":"publish","type":"page","link":"https:\/\/globalquartztube.com\/lt\/privacy-policy\/","title":{"rendered":"Privatumo politika"},"content":{"rendered":"<h2 class=\"wp-block-heading\">Kas mes esame<\/h2><p><strong class=\"privacy-policy-tutorial\">Si\u016blomas tekstas: <\/strong>M\u016bs\u0173 svetain\u0117s adresas yra: https:\/\/globalquartztube.com.<\/p><h2 class=\"wp-block-heading\">Komentarai<\/h2><p><strong class=\"privacy-policy-tutorial\">Si\u016blomas tekstas: <\/strong>Kai lankytojai palieka komentarus svetain\u0117je, mes renkame duomenis, rodomus komentar\u0173 formoje, taip pat lankytojo IP adres\u0105 ir nar\u0161ykl\u0117s vartotojo agento eilut\u0119, kad pad\u0117tume aptikti \u0161iuk\u0161les.<\/p><p>Anonimin\u0117 eilut\u0117, sukurta i\u0161 j\u016bs\u0173 el. pa\u0161to adreso (taip pat vadinama mai\u0161a), gali b\u016bti pateikta \u201eGravatar\u201c paslaugai, kad b\u016bt\u0173 galima patikrinti, ar j\u0105 naudojate. Su Gravatar paslaugos privatumo politika galite susipa\u017einti \u010dia: https:\/\/automattic.com\/privacy\/. Patvirtinus j\u016bs\u0173 komentar\u0105, j\u016bs\u0173 profilio nuotrauka bus matoma vie\u0161ai j\u016bs\u0173 komentaro kontekste.<\/p><h2 class=\"wp-block-heading\">\u017diniasklaida<\/h2><p><strong class=\"privacy-policy-tutorial\">Si\u016blomas tekstas: <\/strong>Jei \u012fkeliate vaizdus \u012f svetain\u0119, netur\u0117tum\u0117te \u012fkelti vaizd\u0173 su \u012fterptais vietos duomenimis (EXIF GPS). Svetain\u0117s lankytojai gali atsisi\u0173sti ir i\u0161gauti bet kokius vietos duomenis i\u0161 svetain\u0117je esan\u010di\u0173 vaizd\u0173.<\/p><h2 class=\"wp-block-heading\">Slapukai<\/h2><p><strong class=\"privacy-policy-tutorial\">Si\u016blomas tekstas: <\/strong>Jei paliksite komentar\u0105 m\u016bs\u0173 svetain\u0117je, galite pasirinkti i\u0161saugoti savo vard\u0105, el. pa\u0161to adres\u0105 ir svetain\u0119 slapukuose. Tai yra j\u016bs\u0173 patogumui, kad jums nereik\u0117t\u0173 dar kart\u0105 pildyti savo duomen\u0173, kai paliekate kit\u0105 komentar\u0105. \u0160ie slapukai galios vienerius metus.<\/p><p>Jei apsilankysite m\u016bs\u0173 prisijungimo puslapyje, nustatysime laikin\u0105 slapuk\u0105, kad nustatyt\u0173, ar j\u016bs\u0173 nar\u0161ykl\u0117 priima slapukus. \u0160iame slapuke n\u0117ra asmenini\u0173 duomen\u0173 ir jis pa\u0161alinamas, kai u\u017edarote nar\u0161ykl\u0119.<\/p><p>Kai prisijungsite, mes taip pat nustatysime kelis slapukus, kad i\u0161saugotume prisijungimo informacij\u0105 ir ekrano rodymo parinktis. Prisijungimo slapukai galioja dvi dienas, o ekrano parink\u010di\u0173 slapukai \u2013 metus. Jei pasirinksite \u201ePrisiminti mane\u201c, j\u016bs\u0173 prisijungimas i\u0161liks dvi savaites. Jei atsijungsite nuo savo paskyros, prisijungimo slapukai bus pa\u0161alinti.<\/p><p>Jei redaguosite ar paskelbsite straipsn\u012f, j\u016bs\u0173 nar\u0161ykl\u0117je bus i\u0161saugotas papildomas slapukas. \u0160is slapukas neapima asmenini\u0173 duomen\u0173 ir tiesiog nurodo k\u0105 tik redaguoto straipsnio \u012fra\u0161o ID. Jis baigiasi po 1 dienos.<\/p><h2 class=\"wp-block-heading\">\u012eterptas turinys i\u0161 kit\u0173 svetaini\u0173<\/h2><p><strong class=\"privacy-policy-tutorial\">Si\u016blomas tekstas: <\/strong>\u0160ios svetain\u0117s straipsniuose gali b\u016bti \u012fterpto turinio (pvz., vaizdo \u012fra\u0161\u0173, vaizd\u0173, straipsni\u0173 ir kt.). \u012eterptas turinys i\u0161 kit\u0173 svetaini\u0173 veikia lygiai taip pat, lyg lankytojas apsilankyt\u0173 kitoje svetain\u0117je.<\/p><p>\u0160ios svetain\u0117s gali rinkti duomenis apie jus, naudoti slapukus, \u012fterpti papildom\u0105 tre\u010di\u0173j\u0173 \u0161ali\u0173 steb\u0117jim\u0105 ir steb\u0117ti j\u016bs\u0173 s\u0105veik\u0105 su tuo \u012fterptu turiniu, \u012fskaitant s\u0105veikos su \u012fterptuoju turiniu steb\u0117jim\u0105, jei turite paskyr\u0105 ir esate prisijung\u0119 prie tos svetain\u0117s.<\/p><h2 class=\"wp-block-heading\">Su kuo dalijam\u0117s j\u016bs\u0173 duomenimis<\/h2><p><strong class=\"privacy-policy-tutorial\">Si\u016blomas tekstas: <\/strong>Jei papra\u0161ysite i\u0161 naujo nustatyti slapta\u017eod\u012f, j\u016bs\u0173 IP adresas bus \u012ftrauktas \u012f atk\u016brimo el. lai\u0161k\u0105.<\/p><h2 class=\"wp-block-heading\">Kiek laiko saugome j\u016bs\u0173 duomenis<\/h2><p><strong class=\"privacy-policy-tutorial\">Si\u016blomas tekstas: <\/strong>Jei paliksite komentar\u0105, komentaras ir jo metaduomenys bus saugomi neribot\u0105 laik\u0105. Taip galime automati\u0161kai atpa\u017einti ir patvirtinti visus tolesnius komentarus, o ne laikyti juos moderavimo eil\u0117je.<\/p><p>Vartotojams, kurie u\u017esiregistruoja m\u016bs\u0173 svetain\u0117je (jei yra), mes taip pat saugome asmenin\u0119 informacij\u0105, kuri\u0105 jie pateikia savo vartotojo profilyje. Visi vartotojai gali bet kada matyti, redaguoti arba i\u0161trinti savo asmenin\u0119 informacij\u0105 (i\u0161skyrus atvejus, kai jie negali pakeisti savo vartotojo vardo). Svetain\u0117s administratoriai taip pat gali matyti ir redaguoti \u0161i\u0105 informacij\u0105.<\/p><h2 class=\"wp-block-heading\">Kokias teises turite \u012f savo duomenis<\/h2><p><strong class=\"privacy-policy-tutorial\">Si\u016blomas tekstas: <\/strong>Jei turite paskyr\u0105 \u0161ioje svetain\u0117je arba palikote komentar\u0173, galite pra\u0161yti gauti eksportuot\u0105 m\u016bs\u0173 turim\u0173 asmens duomen\u0173 fail\u0105, \u012fskaitant visus duomenis, kuriuos mums pateik\u0117te. Taip pat galite pra\u0161yti, kad i\u0161trintume visus m\u016bs\u0173 turimus asmeninius duomenis apie jus. Tai neapima joki\u0173 duomen\u0173, kuriuos privalome saugoti administraciniais, teisiniais ar saugumo tikslais.<\/p><h2 class=\"wp-block-heading\">Kur siun\u010diami j\u016bs\u0173 duomenys<\/h2><p><strong class=\"privacy-policy-tutorial\">Si\u016blomas tekstas: <\/strong>Lankytoj\u0173 komentarai gali b\u016bti tikrinami naudojant automatin\u0119 \u0161lam\u0161to aptikimo paslaug\u0105.<\/p>","protected":false},"excerpt":{"rendered":"<p>Who we are Suggested text: Our website address is: https:\/\/globalquartztube.com. Comments Suggested text: When visitors leave comments on the site we collect the data shown in the comments form, and also the visitor&#8217;s IP address and browser user agent string to help spam detection. An anonymized string created from your email address (also called a [&hellip;]<\/p>\n","protected":false},"author":1,"featured_media":0,"parent":0,"menu_order":0,"comment_status":"closed","ping_status":"open","template":"","meta":{"_seopress_robots_primary_cat":"","_seopress_titles_title":"Privacy Policy | GlobalQT","_seopress_titles_desc":"Our website address is: https:\/\/globalquartztube.com. When visitors leave comments on the site we collect the data shown in the comments form, and also the visitor\u2019s IP address and browser user agent string to help spam detection.","_seopress_robots_index":"","_uag_custom_page_level_css":"","site-sidebar-layout":"default","site-content-layout":"","ast-site-content-layout":"default","site-content-style":"default","site-sidebar-style":"default","ast-global-header-display":"","ast-banner-title-visibility":"","ast-main-header-display":"","ast-hfb-above-header-display":"","ast-hfb-below-header-display":"","ast-hfb-mobile-header-display":"","site-post-title":"","ast-breadcrumbs-content":"","ast-featured-img":"","footer-sml-layout":"","ast-disable-related-posts":"","theme-transparent-header-meta":"","adv-header-id-meta":"","stick-header-meta":"","header-above-stick-meta":"","header-main-stick-meta":"","header-below-stick-meta":"","astra-migrate-meta-layouts":"set","ast-page-background-enabled":"default","ast-page-background-meta":{"desktop":{"background-color":"var(--ast-global-color-4)","background-image":"","background-repeat":"repeat","background-position":"center center","background-size":"auto","background-attachment":"scroll","background-type":"","background-media":"","overlay-type":"","overlay-color":"","overlay-opacity":"","overlay-gradient":""},"tablet":{"background-color":"","background-image":"","background-repeat":"repeat","background-position":"center center","background-size":"auto","background-attachment":"scroll","background-type":"","background-media":"","overlay-type":"","overlay-color":"","overlay-opacity":"","overlay-gradient":""},"mobile":{"background-color":"","background-image":"","background-repeat":"repeat","background-position":"center center","background-size":"auto","background-attachment":"scroll","background-type":"","background-media":"","overlay-type":"","overlay-color":"","overlay-opacity":"","overlay-gradient":""}},"ast-content-background-meta":{"desktop":{"background-color":"var(--ast-global-color-5)","background-image":"","background-repeat":"repeat","background-position":"center center","background-size":"auto","background-attachment":"scroll","background-type":"","background-media":"","overlay-type":"","overlay-color":"","overlay-opacity":"","overlay-gradient":""},"tablet":{"background-color":"var(--ast-global-color-5)","background-image":"","background-repeat":"repeat","background-position":"center center","background-size":"auto","background-attachment":"scroll","background-type":"","background-media":"","overlay-type":"","overlay-color":"","overlay-opacity":"","overlay-gradient":""},"mobile":{"background-color":"var(--ast-global-color-5)","background-image":"","background-repeat":"repeat","background-position":"center center","background-size":"auto","background-attachment":"scroll","background-type":"","background-media":"","overlay-type":"","overlay-color":"","overlay-opacity":"","overlay-gradient":""}},"footnotes":""},"class_list":["post-3","page","type-page","status-publish","hentry"],"uagb_featured_image_src":{"full":false,"thumbnail":false,"medium":false,"medium_large":false,"large":false,"1536x1536":false,"2048x2048":false,"trp-custom-language-flag":false},"uagb_author_info":{"display_name":"Nola Zhang","author_link":"https:\/\/globalquartztube.com\/lt\/author\/nola\/"},"uagb_comment_info":0,"uagb_excerpt":"Who we are Suggested text: Our website address is: https:\/\/globalquartztube.com. Comments Suggested text: When visitors leave comments on the site we collect the data shown in the comments form, and also the visitor&#8217;s IP address and browser user agent string to help spam detection. An anonymized string created from your email address (also called a&hellip;","_links":{"self":[{"href":"https:\/\/globalquartztube.com\/lt\/wp-json\/wp\/v2\/pages\/3","targetHints":{"allow":["GET"]}}],"collection":[{"href":"https:\/\/globalquartztube.com\/lt\/wp-json\/wp\/v2\/pages"}],"about":[{"href":"https:\/\/globalquartztube.com\/lt\/wp-json\/wp\/v2\/types\/page"}],"author":[{"embeddable":true,"href":"https:\/\/globalquartztube.com\/lt\/wp-json\/wp\/v2\/users\/1"}],"replies":[{"embeddable":true,"href":"https:\/\/globalquartztube.com\/lt\/wp-json\/wp\/v2\/comments?post=3"}],"version-history":[{"count":1,"href":"https:\/\/globalquartztube.com\/lt\/wp-json\/wp\/v2\/pages\/3\/revisions"}],"predecessor-version":[{"id":1643,"href":"https:\/\/globalquartztube.com\/lt\/wp-json\/wp\/v2\/pages\/3\/revisions\/1643"}],"wp:attachment":[{"href":"https:\/\/globalquartztube.com\/lt\/wp-json\/wp\/v2\/media?parent=3"}],"curies":[{"name":"wp","href":"https:\/\/api.w.org\/{rel}","templated":true}]}}