{"id":3,"date":"2024-03-01T08:15:22","date_gmt":"2024-03-01T08:15:22","guid":{"rendered":"https:\/\/globalquartztube.com\/?page_id=3"},"modified":"2024-04-07T11:15:10","modified_gmt":"2024-04-07T03:15:10","slug":"privacy-policy","status":"publish","type":"page","link":"https:\/\/globalquartztube.com\/gd\/privacy-policy\/","title":{"rendered":"Poileasaidh D\u00ecomhaireachd"},"content":{"rendered":"<h2 class=\"wp-block-heading\">C\u00f2 sinn<\/h2><p><strong class=\"privacy-policy-tutorial\">Teacs air a mholadh: <\/strong>Is e an se\u00f2ladh l\u00e0rach-l\u00ecn againn: https:\/\/globalquartztube.com.<\/p><h2 class=\"wp-block-heading\">Beachdan<\/h2><p><strong class=\"privacy-policy-tutorial\">Teacs air a mholadh: <\/strong>Nuair a dh\u2019 fh\u00e0gas luchd-tadhail beachdan air an l\u00e0rach cruinnichidh sinn an d\u00e0ta a chithear san fhoirm bheachdan, agus cuideachd se\u00f2ladh IP an neach-tadhail agus sreang \u00e0idseant neach-cleachdaidh brobhsair gus cuideachadh le lorg spama.<\/p><p>Faodar sreang gun urra a chaidh a chruthachadh bhon t-se\u00f2ladh post-d agad (ris an canar cuideachd hash) a thoirt don t-seirbheis Gravatar gus faicinn a bheil thu ga chleachdadh. Tha poileasaidh pr\u00ecobhaideachd seirbheis Gravatar ri fhaighinn an seo: https:\/\/automattic.com\/privacy\/. \u00c0s deidh do bheachd aontachadh, bidh an dealbh pr\u00f2ifil agad ri fhaicinn don phoball ann an co-theacsa do bheachd.<\/p><h2 class=\"wp-block-heading\">Na meadhanan<\/h2><p><strong class=\"privacy-policy-tutorial\">Teacs air a mholadh: <\/strong>Ma luchdaicheas tu suas \u00ecomhaighean chun l\u00e0rach-l\u00ecn, bu ch\u00f2ir dhut nach luchdaich thu suas \u00ecomhaighean le d\u00e0ta \u00e0ite freumhaichte (EXIF GPS) air a ghabhail a-steach. Faodaidh luchd-tadhail air an l\u00e0rach-l\u00ecn d\u00e0ta \u00e0ite sam bith a luchdachadh s\u00ecos agus a tharraing \u00e0 \u00ecomhaighean air an l\u00e0rach-l\u00ecn.<\/p><h2 class=\"wp-block-heading\">Briosgaidean<\/h2><p><strong class=\"privacy-policy-tutorial\">Teacs air a mholadh: <\/strong>Ma dh\u2019fh\u00e0gas tu beachd air an l\u00e0rach-l\u00ecn againn faodaidh tu roghnachadh d\u2019 ainm, do she\u00f2ladh puist-d agus l\u00e0rach-l\u00ecn a sh\u00e0bhaladh ann am briosgaidean. Tha iad sin airson do ghoireasachd gus nach fheum thu am mion-fhiosrachadh agad a l\u00econadh a-rithist nuair a dh\u2019 fh\u00e0gas tu beachd eile. Mairidh na briosgaidean sin airson aon bhliadhna.<\/p><p>Ma thadhlas tu air an duilleag logaidh a-steach againn, suidhichidh sinn briosgaid sealach gus faighinn a-mach a bheil do bhrobhsair a\u2019 gabhail ri briosgaidean. Chan eil d\u00e0ta pearsanta sam bith sa bhriosgaid seo agus th\u00e8id a thilgeil air falbh nuair a dh\u00f9in thu am brabhsair agad.<\/p><p>Nuair a logas tu a-steach, cuiridh sinn air d\u00f2igh grunn bhriosgaidean cuideachd gus am fiosrachadh logaidh a-steach agad agus na roghainnean taisbeanaidh sgrion agad a sh\u00e0bhaladh. Mairidh briosgaidean logadh a-steach airson d\u00e0 latha, agus mairidh briosgaidean roghainnean sgrion airson bliadhna. Ma thaghas tu \u201cRemember Me\u201d, mairidh an logadh a-steach agad airson d\u00e0 sheachdain. Ma logas tu a-mach \u00e0s do chunntas, th\u00e8id na briosgaidean logaidh a-steach a thoirt air falbh.<\/p><p>Ma dheasaicheas tu no ma dh\u2019fhoillsicheas tu artaigil, th\u00e8id briosgaid a bharrachd a sh\u00e0bhaladh sa bhrobhsair agad. Chan eil a\u2019 bhriosgaid seo a\u2019 toirt a-steach d\u00e0ta pearsanta sam bith agus tha e d\u00ecreach a\u2019 nochdadh ID post an artaigil a dheasaich thu. Thig e gu cr\u00ecch an d\u00e8idh 1 latha.<\/p><h2 class=\"wp-block-heading\">Susbaint freumhaichte bho l\u00e0raich-l\u00ecn eile<\/h2><p><strong class=\"privacy-policy-tutorial\">Teacs air a mholadh: <\/strong>Faodaidh susbaint freumhaichte a bhith ann an artaigilean air an l\u00e0rach seo (me bhideothan, \u00ecomhaighean, artaigilean, msaa). Bidh susbaint freumhaichte bho l\u00e0raich-l\u00ecn eile gan gi\u00f9lan fh\u00e8in san aon d\u00f2igh ri ma tha an neach-tadhail air tadhal air an l\u00e0rach-l\u00ecn eile.<\/p><p>Faodaidh na l\u00e0raich-l\u00ecn sin d\u00e0ta a chruinneachadh mur deidhinn, briosgaidean a chleachdadh, tracadh treas-ph\u00e0rtaidh a bharrachd fhighe a-steach, agus s\u00f9il a chumail air an eadar-obrachadh agad leis an t-susbaint freumhaichte sin, a\u2019 toirt a-steach s\u00f9il a chumail air an eadar-obrachadh agad leis an t-susbaint freumhaichte ma tha cunntas agad agus gu bheil thu air logadh a-steach don l\u00e0rach-l\u00ecn sin.<\/p><h2 class=\"wp-block-heading\">C\u00f2 leis a bhios sinn a\u2019 roinn an d\u00e0ta agad<\/h2><p><strong class=\"privacy-policy-tutorial\">Teacs air a mholadh: <\/strong>Ma dh\u2019 iarras tu facal-faire ath-shuidheachadh, th\u00e8id an se\u00f2ladh IP agad a thoirt a-steach don phost-d ath-shuidheachadh.<\/p><h2 class=\"wp-block-heading\">D\u00e8 cho fada \u2018s a chumas sinn an d\u00e0ta agad<\/h2><p><strong class=\"privacy-policy-tutorial\">Teacs air a mholadh: <\/strong>Ma dh\u2019fh\u00e0gas tu beachd, th\u00e8id am beachd agus na meata-d\u00e0ta aige a chumail gun chr\u00ecoch. Tha seo airson gun aithnich agus gun aontaich sinn beachdan leanmhainn gu f\u00e8in-ghluasadach an \u00e0ite a bhith gan cumail ann an ciudha measaidh.<\/p><p>Do luchd-cleachdaidh a bhios a\u2019 cl\u00e0radh air an l\u00e0rach-l\u00ecn againn (ma tha sin ann), bidh sinn cuideachd a\u2019 st\u00f2radh an fhiosrachaidh phearsanta a bheir iad seachad anns a\u2019 phr\u00f2ifil cleachdaiche aca. Faodaidh a h-uile neach-cleachdaidh am fiosrachadh pearsanta aca fhaicinn, a dheasachadh no a dhubhadh \u00e0s aig \u00e0m sam bith (ach nach urrainn dhaibh an t-ainm-cleachdaiche aca atharrachadh). Faodaidh luchd-rianachd l\u00e0rach-l\u00ecn am fiosrachadh sin fhaicinn agus a dheasachadh cuideachd.<\/p><h2 class=\"wp-block-heading\">D\u00e8 na c\u00f2raichean a th\u2019 agad air an d\u00e0ta agad<\/h2><p><strong class=\"privacy-policy-tutorial\">Teacs air a mholadh: <\/strong>Ma tha cunntas agad air an l\u00e0rach seo, no ma tha thu air beachdan fh\u00e0gail, faodaidh tu iarraidh gum faigh thu faidhle \u00e0s-mhalairt den d\u00e0ta pearsanta a tha againn mur deidhinn, a\u2019 gabhail a-steach d\u00e0ta sam bith a thug thu dhuinn. Faodaidh tu cuideachd iarraidh gun sguab sinn \u00e0s d\u00e0ta pearsanta sam bith a tha againn mur deidhinn. Chan eil seo a\u2019 toirt a-steach d\u00e0ta sam bith a dh\u2019 fheumas sinn a chumail airson adhbharan rianachd, laghail no t\u00e8arainteachd.<\/p><h2 class=\"wp-block-heading\">Far an t\u00e8id an d\u00e0ta agad a chuir<\/h2><p><strong class=\"privacy-policy-tutorial\">Teacs air a mholadh: <\/strong>Faodar beachdan luchd-tadhail a sgr\u00f9dadh tro sheirbheis lorg spama f\u00e8in-ghluasadach.<\/p>","protected":false},"excerpt":{"rendered":"<p>Who we are Suggested text: Our website address is: https:\/\/globalquartztube.com. Comments Suggested text: When visitors leave comments on the site we collect the data shown in the comments form, and also the visitor&#8217;s IP address and browser user agent string to help spam detection. An anonymized string created from your email address (also called a [&hellip;]<\/p>\n","protected":false},"author":1,"featured_media":0,"parent":0,"menu_order":0,"comment_status":"closed","ping_status":"open","template":"","meta":{"_seopress_robots_primary_cat":"","_seopress_titles_title":"Privacy Policy | GlobalQT","_seopress_titles_desc":"Our website address is: https:\/\/globalquartztube.com. When visitors leave comments on the site we collect the data shown in the comments form, and also the visitor\u2019s IP address and browser user agent string to help spam detection.","_seopress_robots_index":"","_uag_custom_page_level_css":"","site-sidebar-layout":"default","site-content-layout":"","ast-site-content-layout":"default","site-content-style":"default","site-sidebar-style":"default","ast-global-header-display":"","ast-banner-title-visibility":"","ast-main-header-display":"","ast-hfb-above-header-display":"","ast-hfb-below-header-display":"","ast-hfb-mobile-header-display":"","site-post-title":"","ast-breadcrumbs-content":"","ast-featured-img":"","footer-sml-layout":"","ast-disable-related-posts":"","theme-transparent-header-meta":"","adv-header-id-meta":"","stick-header-meta":"","header-above-stick-meta":"","header-main-stick-meta":"","header-below-stick-meta":"","astra-migrate-meta-layouts":"set","ast-page-background-enabled":"default","ast-page-background-meta":{"desktop":{"background-color":"var(--ast-global-color-4)","background-image":"","background-repeat":"repeat","background-position":"center center","background-size":"auto","background-attachment":"scroll","background-type":"","background-media":"","overlay-type":"","overlay-color":"","overlay-opacity":"","overlay-gradient":""},"tablet":{"background-color":"","background-image":"","background-repeat":"repeat","background-position":"center center","background-size":"auto","background-attachment":"scroll","background-type":"","background-media":"","overlay-type":"","overlay-color":"","overlay-opacity":"","overlay-gradient":""},"mobile":{"background-color":"","background-image":"","background-repeat":"repeat","background-position":"center center","background-size":"auto","background-attachment":"scroll","background-type":"","background-media":"","overlay-type":"","overlay-color":"","overlay-opacity":"","overlay-gradient":""}},"ast-content-background-meta":{"desktop":{"background-color":"var(--ast-global-color-5)","background-image":"","background-repeat":"repeat","background-position":"center center","background-size":"auto","background-attachment":"scroll","background-type":"","background-media":"","overlay-type":"","overlay-color":"","overlay-opacity":"","overlay-gradient":""},"tablet":{"background-color":"var(--ast-global-color-5)","background-image":"","background-repeat":"repeat","background-position":"center center","background-size":"auto","background-attachment":"scroll","background-type":"","background-media":"","overlay-type":"","overlay-color":"","overlay-opacity":"","overlay-gradient":""},"mobile":{"background-color":"var(--ast-global-color-5)","background-image":"","background-repeat":"repeat","background-position":"center center","background-size":"auto","background-attachment":"scroll","background-type":"","background-media":"","overlay-type":"","overlay-color":"","overlay-opacity":"","overlay-gradient":""}},"footnotes":""},"class_list":["post-3","page","type-page","status-publish","hentry"],"uagb_featured_image_src":{"full":false,"thumbnail":false,"medium":false,"medium_large":false,"large":false,"1536x1536":false,"2048x2048":false,"trp-custom-language-flag":false},"uagb_author_info":{"display_name":"Nola Zhang","author_link":"https:\/\/globalquartztube.com\/gd\/author\/nola\/"},"uagb_comment_info":0,"uagb_excerpt":"Who we are Suggested text: Our website address is: https:\/\/globalquartztube.com. Comments Suggested text: When visitors leave comments on the site we collect the data shown in the comments form, and also the visitor&#8217;s IP address and browser user agent string to help spam detection. An anonymized string created from your email address (also called a&hellip;","_links":{"self":[{"href":"https:\/\/globalquartztube.com\/gd\/wp-json\/wp\/v2\/pages\/3","targetHints":{"allow":["GET"]}}],"collection":[{"href":"https:\/\/globalquartztube.com\/gd\/wp-json\/wp\/v2\/pages"}],"about":[{"href":"https:\/\/globalquartztube.com\/gd\/wp-json\/wp\/v2\/types\/page"}],"author":[{"embeddable":true,"href":"https:\/\/globalquartztube.com\/gd\/wp-json\/wp\/v2\/users\/1"}],"replies":[{"embeddable":true,"href":"https:\/\/globalquartztube.com\/gd\/wp-json\/wp\/v2\/comments?post=3"}],"version-history":[{"count":1,"href":"https:\/\/globalquartztube.com\/gd\/wp-json\/wp\/v2\/pages\/3\/revisions"}],"predecessor-version":[{"id":1643,"href":"https:\/\/globalquartztube.com\/gd\/wp-json\/wp\/v2\/pages\/3\/revisions\/1643"}],"wp:attachment":[{"href":"https:\/\/globalquartztube.com\/gd\/wp-json\/wp\/v2\/media?parent=3"}],"curies":[{"name":"wp","href":"https:\/\/api.w.org\/{rel}","templated":true}]}}