{"id":3,"date":"2024-03-01T08:15:22","date_gmt":"2024-03-01T08:15:22","guid":{"rendered":"https:\/\/globalquartztube.com\/?page_id=3"},"modified":"2024-04-07T11:15:10","modified_gmt":"2024-04-07T03:15:10","slug":"privacy-policy","status":"publish","type":"page","link":"https:\/\/globalquartztube.com\/et\/privacy-policy\/","title":{"rendered":"Privaatsuspoliitika"},"content":{"rendered":"<h2 class=\"wp-block-heading\">Kes me oleme<\/h2><p><strong class=\"privacy-policy-tutorial\">Soovitatav tekst: <\/strong>Meie veebisaidi aadress on: https:\/\/globalquartztube.com.<\/p><h2 class=\"wp-block-heading\">Kommentaarid<\/h2><p><strong class=\"privacy-policy-tutorial\">Soovitatav tekst: <\/strong>Kui k\u00fclastajad j\u00e4tavad saidile kommentaare, kogume r\u00e4mpsposti tuvastamise h\u00f5lbustamiseks kommentaaride vormis kuvatavaid andmeid ning ka k\u00fclastaja IP-aadressi ja brauseri kasutajaagendi stringi.<\/p><p>Teie e-posti aadressist loodud anon\u00fc\u00fcmne string (mida nimetatakse ka r\u00e4siks) v\u00f5idakse saata teenusele Gravatar, et n\u00e4ha, kas te seda kasutate. Gravatari teenuse privaatsuspoliitika on saadaval siin: https:\/\/automattic.com\/privacy\/. P\u00e4rast teie kommentaari kinnitamist on teie profiilipilt teie kommentaari kontekstis avalikkusele n\u00e4htav.<\/p><h2 class=\"wp-block-heading\">Meedia<\/h2><p><strong class=\"privacy-policy-tutorial\">Soovitatav tekst: <\/strong>Kui laadite veebisaidile \u00fcles pilte, peaksite v\u00e4ltima manustatud asukohaandmetega (EXIF GPS) piltide \u00fcleslaadimist. Veebisaidi k\u00fclastajad saavad veebisaidil olevate piltide asukohaandmed alla laadida ja nendest v\u00e4lja v\u00f5tta.<\/p><h2 class=\"wp-block-heading\">K\u00fcpsised<\/h2><p><strong class=\"privacy-policy-tutorial\">Soovitatav tekst: <\/strong>Kui j\u00e4tate meie saidile kommentaari, v\u00f5ite lubada oma nime, e-posti aadressi ja veebisaidi k\u00fcpsistesse salvestamise. Need on teie mugavuse huvides, et te ei peaks uue kommentaari j\u00e4tmisel oma andmeid uuesti sisestama. Need k\u00fcpsised s\u00e4ilivad \u00fche aasta.<\/p><p>Kui k\u00fclastate meie sisselogimislehte, seadistame ajutise k\u00fcpsise, et teha kindlaks, kas teie brauser aktsepteerib k\u00fcpsiseid. See k\u00fcpsis ei sisalda isikuandmeid ja see visatakse \u00e4ra, kui sulgete brauseri.<\/p><p>Sisselogimisel seadistame ka mitu k\u00fcpsist, et salvestada teie sisselogimisandmed ja ekraanikuvavalikud. Sisselogimisk\u00fcpsised kestavad kaks p\u00e4eva ja ekraanivalikute k\u00fcpsised aasta. Kui valite &quot;J\u00e4ta mind meelde&quot;, p\u00fcsib teie sisselogimine kaks n\u00e4dalat. Kui logite oma kontolt v\u00e4lja, siis sisselogimisk\u00fcpsised eemaldatakse.<\/p><p>Kui muudate v\u00f5i avaldate artiklit, salvestatakse teie brauserisse t\u00e4iendav k\u00fcpsis. See k\u00fcpsis ei sisalda isikuandmeid ja n\u00e4itab lihtsalt \u00e4sja redigeeritud artikli postituse ID-d. See aegub 1 p\u00e4eva p\u00e4rast.<\/p><h2 class=\"wp-block-heading\">Manustatud sisu teistelt veebisaitidelt<\/h2><p><strong class=\"privacy-policy-tutorial\">Soovitatav tekst: <\/strong>Selle saidi artiklid v\u00f5ivad sisaldada manustatud sisu (nt videod, pildid, artiklid jne). Teiste veebisaitide manustatud sisu k\u00e4itub t\u00e4pselt samamoodi nagu siis, kui k\u00fclastaja on k\u00fclastanud teist veebisaiti.<\/p><p>Need veebisaidid v\u00f5ivad koguda teie kohta andmeid, kasutada k\u00fcpsiseid, manustada t\u00e4iendavat kolmanda osapoole j\u00e4lgimist ja j\u00e4lgida teie suhtlust selle manustatud sisuga, sealhulgas j\u00e4lgida teie suhtlust manustatud sisuga, kui teil on konto ja olete sellele veebisaidile sisse logitud.<\/p><h2 class=\"wp-block-heading\">Kellega me teie andmeid jagame<\/h2><p><strong class=\"privacy-policy-tutorial\">Soovitatav tekst: <\/strong>Kui taotlete parooli l\u00e4htestamist, lisatakse l\u00e4htestamismeilile teie IP-aadress.<\/p><h2 class=\"wp-block-heading\">Kui kaua me teie andmeid s\u00e4ilitame<\/h2><p><strong class=\"privacy-policy-tutorial\">Soovitatav tekst: <\/strong>Kui j\u00e4tate kommentaari, s\u00e4ilitatakse kommentaar ja selle metaandmed t\u00e4htajatult. Seda selleks, et saaksime k\u00f5ik j\u00e4relkommentaarid automaatselt \u00e4ra tunda ja heaks kiita, selle asemel, et neid modereerimisj\u00e4rjekorras hoida.<\/p><p>Kasutajate jaoks, kes registreeruvad meie veebisaidil (kui neid on), salvestame ka nende esitatud isikuandmed nende kasutajaprofiilis. K\u00f5ik kasutajad saavad oma isikuandmeid igal ajal n\u00e4ha, muuta v\u00f5i kustutada (v\u00e4lja arvatud juhul, kui nad ei saa oma kasutajanime muuta). Veebisaidi administraatorid saavad seda teavet ka n\u00e4ha ja muuta.<\/p><h2 class=\"wp-block-heading\">Millised \u00f5igused teil oma andmete \u00fcle on<\/h2><p><strong class=\"privacy-policy-tutorial\">Soovitatav tekst: <\/strong>Kui teil on sellel saidil konto v\u00f5i olete j\u00e4tnud kommentaare, v\u00f5ite taotleda eksporditud faili meie valduses olevatest isikuandmetest, sealhulgas k\u00f5igist meile edastatud andmetest. Samuti v\u00f5ite taotleda, et kustutaksime k\u00f5ik teie kohta s\u00e4ilitatavad isikuandmed. See ei h\u00f5lma andmeid, mida oleme kohustatud s\u00e4ilitama haldus-, \u00f5igus- v\u00f5i turvaeesm\u00e4rkidel.<\/p><h2 class=\"wp-block-heading\">Kuhu teie andmed saadetakse<\/h2><p><strong class=\"privacy-policy-tutorial\">Soovitatav tekst: <\/strong>K\u00fclastajate kommentaare saab kontrollida automaatse r\u00e4mpspostituvastusteenuse kaudu.<\/p>","protected":false},"excerpt":{"rendered":"<p>Who we are Suggested text: Our website address is: https:\/\/globalquartztube.com. Comments Suggested text: When visitors leave comments on the site we collect the data shown in the comments form, and also the visitor&#8217;s IP address and browser user agent string to help spam detection. An anonymized string created from your email address (also called a [&hellip;]<\/p>\n","protected":false},"author":1,"featured_media":0,"parent":0,"menu_order":0,"comment_status":"closed","ping_status":"open","template":"","meta":{"_seopress_robots_primary_cat":"","_seopress_titles_title":"Privacy Policy | GlobalQT","_seopress_titles_desc":"Our website address is: https:\/\/globalquartztube.com. When visitors leave comments on the site we collect the data shown in the comments form, and also the visitor\u2019s IP address and browser user agent string to help spam detection.","_seopress_robots_index":"","_uag_custom_page_level_css":"","site-sidebar-layout":"default","site-content-layout":"","ast-site-content-layout":"default","site-content-style":"default","site-sidebar-style":"default","ast-global-header-display":"","ast-banner-title-visibility":"","ast-main-header-display":"","ast-hfb-above-header-display":"","ast-hfb-below-header-display":"","ast-hfb-mobile-header-display":"","site-post-title":"","ast-breadcrumbs-content":"","ast-featured-img":"","footer-sml-layout":"","ast-disable-related-posts":"","theme-transparent-header-meta":"","adv-header-id-meta":"","stick-header-meta":"","header-above-stick-meta":"","header-main-stick-meta":"","header-below-stick-meta":"","astra-migrate-meta-layouts":"set","ast-page-background-enabled":"default","ast-page-background-meta":{"desktop":{"background-color":"var(--ast-global-color-4)","background-image":"","background-repeat":"repeat","background-position":"center center","background-size":"auto","background-attachment":"scroll","background-type":"","background-media":"","overlay-type":"","overlay-color":"","overlay-opacity":"","overlay-gradient":""},"tablet":{"background-color":"","background-image":"","background-repeat":"repeat","background-position":"center center","background-size":"auto","background-attachment":"scroll","background-type":"","background-media":"","overlay-type":"","overlay-color":"","overlay-opacity":"","overlay-gradient":""},"mobile":{"background-color":"","background-image":"","background-repeat":"repeat","background-position":"center center","background-size":"auto","background-attachment":"scroll","background-type":"","background-media":"","overlay-type":"","overlay-color":"","overlay-opacity":"","overlay-gradient":""}},"ast-content-background-meta":{"desktop":{"background-color":"var(--ast-global-color-5)","background-image":"","background-repeat":"repeat","background-position":"center center","background-size":"auto","background-attachment":"scroll","background-type":"","background-media":"","overlay-type":"","overlay-color":"","overlay-opacity":"","overlay-gradient":""},"tablet":{"background-color":"var(--ast-global-color-5)","background-image":"","background-repeat":"repeat","background-position":"center center","background-size":"auto","background-attachment":"scroll","background-type":"","background-media":"","overlay-type":"","overlay-color":"","overlay-opacity":"","overlay-gradient":""},"mobile":{"background-color":"var(--ast-global-color-5)","background-image":"","background-repeat":"repeat","background-position":"center center","background-size":"auto","background-attachment":"scroll","background-type":"","background-media":"","overlay-type":"","overlay-color":"","overlay-opacity":"","overlay-gradient":""}},"footnotes":""},"class_list":["post-3","page","type-page","status-publish","hentry"],"uagb_featured_image_src":{"full":false,"thumbnail":false,"medium":false,"medium_large":false,"large":false,"1536x1536":false,"2048x2048":false,"trp-custom-language-flag":false},"uagb_author_info":{"display_name":"Nola Zhang","author_link":"https:\/\/globalquartztube.com\/et\/author\/nola\/"},"uagb_comment_info":0,"uagb_excerpt":"Who we are Suggested text: Our website address is: https:\/\/globalquartztube.com. Comments Suggested text: When visitors leave comments on the site we collect the data shown in the comments form, and also the visitor&#8217;s IP address and browser user agent string to help spam detection. An anonymized string created from your email address (also called a&hellip;","_links":{"self":[{"href":"https:\/\/globalquartztube.com\/et\/wp-json\/wp\/v2\/pages\/3","targetHints":{"allow":["GET"]}}],"collection":[{"href":"https:\/\/globalquartztube.com\/et\/wp-json\/wp\/v2\/pages"}],"about":[{"href":"https:\/\/globalquartztube.com\/et\/wp-json\/wp\/v2\/types\/page"}],"author":[{"embeddable":true,"href":"https:\/\/globalquartztube.com\/et\/wp-json\/wp\/v2\/users\/1"}],"replies":[{"embeddable":true,"href":"https:\/\/globalquartztube.com\/et\/wp-json\/wp\/v2\/comments?post=3"}],"version-history":[{"count":1,"href":"https:\/\/globalquartztube.com\/et\/wp-json\/wp\/v2\/pages\/3\/revisions"}],"predecessor-version":[{"id":1643,"href":"https:\/\/globalquartztube.com\/et\/wp-json\/wp\/v2\/pages\/3\/revisions\/1643"}],"wp:attachment":[{"href":"https:\/\/globalquartztube.com\/et\/wp-json\/wp\/v2\/media?parent=3"}],"curies":[{"name":"wp","href":"https:\/\/api.w.org\/{rel}","templated":true}]}}