{"id":6161,"date":"2025-07-17T16:39:35","date_gmt":"2025-07-17T08:39:35","guid":{"rendered":"https:\/\/globalquartztube.com\/?page_id=6161"},"modified":"2026-01-19T09:40:33","modified_gmt":"2026-01-19T01:40:33","slug":"quartz-engineering-solutions","status":"publish","type":"page","link":"https:\/\/globalquartztube.com\/cs\/quartz-engineering-solutions\/","title":{"rendered":"Quartz Engineering Solutions"},"content":{"rendered":"<div data-elementor-type=\"wp-page\" data-elementor-id=\"6161\" class=\"elementor elementor-6161\" data-elementor-post-type=\"page\">\n\t\t\t\t<div class=\"elementor-element elementor-element-7e20474 e-flex e-con-boxed e-con e-parent\" data-id=\"7e20474\" data-element_type=\"container\" data-e-type=\"container\" data-settings=\"{&quot;background_background&quot;:&quot;classic&quot;}\">\n\t\t\t\t\t<div class=\"e-con-inner\">\n\t\t<div class=\"elementor-element elementor-element-605b3b6 e-flex e-con-boxed e-con e-child\" data-id=\"605b3b6\" data-element_type=\"container\" data-e-type=\"container\">\n\t\t\t\t\t<div class=\"e-con-inner\">\n\t\t\t\t<div class=\"elementor-element elementor-element-4554f77 elementor-widget elementor-widget-heading\" data-id=\"4554f77\" data-element_type=\"widget\" data-e-type=\"widget\" data-widget_type=\"heading.default\">\n\t\t\t\t<div class=\"elementor-widget-container\">\n\t\t\t\t\t<h1 class=\"elementor-heading-title elementor-size-default\">Quartz Engineering Solutions<\/h1>\t\t\t\t<\/div>\n\t\t\t\t<\/div>\n\t\t\t\t<div class=\"elementor-element elementor-element-10a63d6 elementor-align-center elementor-widget elementor-widget-button\" data-id=\"10a63d6\" data-element_type=\"widget\" data-e-type=\"widget\" data-widget_type=\"button.default\">\n\t\t\t\t<div class=\"elementor-widget-container\">\n\t\t\t\t\t\t\t\t\t<div class=\"elementor-button-wrapper\">\n\t\t\t\t\t<a class=\"elementor-button elementor-button-link elementor-size-sm\" href=\"#elementor-action%3Aaction%3Dpopup%3Aopen%26settings%3DeyJpZCI6IjU3OTYiLCJ0b2dnbGUiOmZhbHNlfQ%3D%3D\">\n\t\t\t\t\t\t<span class=\"elementor-button-content-wrapper\">\n\t\t\t\t\t\t\t\t\t<span class=\"elementor-button-text\">\u017d\u00e1dost o konzultaci &gt;<\/span>\n\t\t\t\t\t<\/span>\n\t\t\t\t\t<\/a>\n\t\t\t\t<\/div>\n\t\t\t\t\t\t\t\t<\/div>\n\t\t\t\t<\/div>\n\t\t\t\t\t<\/div>\n\t\t\t\t<\/div>\n\t\t\t\t\t<\/div>\n\t\t\t\t<\/div>\n\t\t<div class=\"elementor-element elementor-element-3bb3f55 e-con-full e-flex e-con e-parent\" data-id=\"3bb3f55\" data-element_type=\"container\" data-e-type=\"container\">\n\t\t<div class=\"elementor-element elementor-element-87fbcf1 e-con-full e-flex e-con e-child\" data-id=\"87fbcf1\" data-element_type=\"container\" data-e-type=\"container\">\n\t\t\t\t<div class=\"elementor-element elementor-element-b1532e6 elementor-widget elementor-widget-heading\" data-id=\"b1532e6\" data-element_type=\"widget\" data-e-type=\"widget\" data-widget_type=\"heading.default\">\n\t\t\t\t<div class=\"elementor-widget-container\">\n\t\t\t\t\t<h2 class=\"elementor-heading-title elementor-size-default\">\u0158e\u0161en\u00ed pro sn\u00ed\u017een\u00ed degradace \u017eivotnosti nosi\u010de<\/h2>\t\t\t\t<\/div>\n\t\t\t\t<\/div>\n\t\t\t\t<div class=\"elementor-element elementor-element-34d6a3b elementor-widget elementor-widget-heading\" data-id=\"34d6a3b\" data-element_type=\"widget\" data-e-type=\"widget\" data-widget_type=\"heading.default\">\n\t\t\t\t<div class=\"elementor-widget-container\">\n\t\t\t\t\t<h2 class=\"elementor-heading-title elementor-size-default\">\u010cl\u00e1nky v t\u00e9to s\u00e9rii:<\/h2>\t\t\t\t<\/div>\n\t\t\t\t<\/div>\n\t\t\t\t<div class=\"elementor-element elementor-element-dd68f09 elementor-widget elementor-widget-heading\" data-id=\"dd68f09\" data-element_type=\"widget\" data-e-type=\"widget\" data-widget_type=\"heading.default\">\n\t\t\t\t<div class=\"elementor-widget-container\">\n\t\t\t\t\t<h3 class=\"elementor-heading-title elementor-size-default\"><a href=\"https:\/\/globalquartztube.com\/cs\/technical-analysis-and-solutions-for-carrier-lifetime-reduction-caused-by-quartz-tubes-part-1-of-10\/\">Technick\u00e1 anal\u00fdza a \u0159e\u0161en\u00ed zkr\u00e1cen\u00ed \u017eivotnosti nosi\u010de zp\u016fsoben\u00e9 k\u0159emenn\u00fdmi trubicemi (1. \u010d\u00e1st z 10)<\/a><\/h3>\t\t\t\t<\/div>\n\t\t\t\t<\/div>\n\t\t\t\t<div class=\"elementor-element elementor-element-33b6c99 elementor-widget elementor-widget-heading\" data-id=\"33b6c99\" data-element_type=\"widget\" data-e-type=\"widget\" data-widget_type=\"heading.default\">\n\t\t\t\t<div class=\"elementor-widget-container\">\n\t\t\t\t\t<h3 class=\"elementor-heading-title elementor-size-default\"><a href=\"https:\/\/globalquartztube.com\/cs\/what-is-carrier-lifetime-part-2-of-10\/\">Co je \u017eivotnost nosi\u010de (2. \u010d\u00e1st z 10)<\/a><\/h3>\t\t\t\t<\/div>\n\t\t\t\t<\/div>\n\t\t\t\t<div class=\"elementor-element elementor-element-ea98a02 elementor-widget elementor-widget-heading\" data-id=\"ea98a02\" data-element_type=\"widget\" data-e-type=\"widget\" data-widget_type=\"heading.default\">\n\t\t\t\t<div class=\"elementor-widget-container\">\n\t\t\t\t\t<h2 class=\"elementor-heading-title elementor-size-default\"><a href=\"https:\/\/globalquartztube.com\/cs\/which-tests-require-attention-to-carrier-lifetime-values-part-3-of-10\/\">Kter\u00e9 testy vy\u017eaduj\u00ed pozornost k hodnot\u00e1m \u017eivotnosti nosi\u010de (3. \u010d\u00e1st z 10)<\/a><\/h2>\t\t\t\t<\/div>\n\t\t\t\t<\/div>\n\t\t\t\t<div class=\"elementor-element elementor-element-e128569 elementor-widget elementor-widget-heading\" data-id=\"e128569\" data-element_type=\"widget\" data-e-type=\"widget\" data-widget_type=\"heading.default\">\n\t\t\t\t<div class=\"elementor-widget-container\">\n\t\t\t\t\t<h2 class=\"elementor-heading-title elementor-size-default\"><a href=\"https:\/\/globalquartztube.com\/cs\/causes-of-carrier-lifetime-degradation-part-4-of-10\/\">P\u0159\u00ed\u010diny zhor\u0161en\u00ed \u017eivotnosti nosi\u010de (4. \u010d\u00e1st z 10)<\/a><\/h2>\t\t\t\t<\/div>\n\t\t\t\t<\/div>\n\t\t\t\t<div class=\"elementor-element elementor-element-fb14a9b elementor-widget elementor-widget-heading\" data-id=\"fb14a9b\" data-element_type=\"widget\" data-e-type=\"widget\" data-widget_type=\"heading.default\">\n\t\t\t\t<div class=\"elementor-widget-container\">\n\t\t\t\t\t<h2 class=\"elementor-heading-title elementor-size-default\">Vliv k\u0159emenn\u00fdch trubic na zkr\u00e1cen\u00ed \u017eivotnosti nosi\u010d\u016f (\u010d\u00e1st 5 z 10) - ji\u017e brzy k dispozici<\/h2>\t\t\t\t<\/div>\n\t\t\t\t<\/div>\n\t\t\t\t<\/div>\n\t\t<div class=\"elementor-element elementor-element-b6bd761 e-con-full e-flex e-con e-child\" data-id=\"b6bd761\" data-element_type=\"container\" data-e-type=\"container\">\n\t\t\t\t<div class=\"elementor-element elementor-element-31e00d0 elementor-widget elementor-widget-heading\" data-id=\"31e00d0\" data-element_type=\"widget\" data-e-type=\"widget\" data-widget_type=\"heading.default\">\n\t\t\t\t<div class=\"elementor-widget-container\">\n\t\t\t\t\t<h2 class=\"elementor-heading-title elementor-size-default\">\u0158e\u0161en\u00ed s UV filtrem v k\u0159emenn\u00fdch trubic\u00edch - ji\u017e brzy k dispozici<\/h2>\t\t\t\t<\/div>\n\t\t\t\t<\/div>\n\t\t\t\t<div class=\"elementor-element elementor-element-0d6b2a7 elementor-widget elementor-widget-heading\" data-id=\"0d6b2a7\" data-element_type=\"widget\" data-e-type=\"widget\" data-widget_type=\"heading.default\">\n\t\t\t\t<div class=\"elementor-widget-container\">\n\t\t\t\t\t<h2 class=\"elementor-heading-title elementor-size-default\">Nadch\u00e1zej\u00edc\u00ed \u010dl\u00e1nky t\u00e9to s\u00e9rie:<\/h2>\t\t\t\t<\/div>\n\t\t\t\t<\/div>\n\t\t\t\t<div class=\"elementor-element elementor-element-2898332 elementor-widget elementor-widget-heading\" data-id=\"2898332\" data-element_type=\"widget\" data-e-type=\"widget\" data-widget_type=\"heading.default\">\n\t\t\t\t<div class=\"elementor-widget-container\">\n\t\t\t\t\t<h2 class=\"elementor-heading-title elementor-size-default\">Kl\u00ed\u010dov\u00e9 vlastnosti k\u0159emenn\u00fdch trubic s UV filtrem<\/h2>\t\t\t\t<\/div>\n\t\t\t\t<\/div>\n\t\t\t\t<div class=\"elementor-element elementor-element-fd728ae elementor-widget elementor-widget-heading\" data-id=\"fd728ae\" data-element_type=\"widget\" data-e-type=\"widget\" data-widget_type=\"heading.default\">\n\t\t\t\t<div class=\"elementor-widget-container\">\n\t\t\t\t\t<h2 class=\"elementor-heading-title elementor-size-default\">Zdravotnick\u00e9 p\u0159\u00edstroje, kter\u00e9 vy\u017eaduj\u00ed k\u0159emenn\u00e9 trubice s UV blokov\u00e1n\u00edm dopovan\u00fdm Ce<\/h2>\t\t\t\t<\/div>\n\t\t\t\t<\/div>\n\t\t\t\t<\/div>\n\t\t\t\t<\/div>\n\t\t\t\t<\/div>","protected":false},"excerpt":{"rendered":"<p>Quartz Engineering Solutions Request a consultation &gt; Solution for Reducing Carrier Lifetime Degradation Articles in This Series: Technical Analysis and Solutions for Carrier Lifetime Reduction Caused by Quartz Tubes (Part 1 of 10) What is Carrier Lifetime (Part 2 of 10) Which Tests Require Attention to Carrier Lifetime Values (Part 3 of 10) Causes of [&hellip;]<\/p>\n","protected":false},"author":1,"featured_media":0,"parent":0,"menu_order":0,"comment_status":"closed","ping_status":"closed","template":"","meta":{"_seopress_robots_primary_cat":"","_seopress_titles_title":"Quartz Engineering Solutions | Technical Quartz Tube Support by GlobalQT","_seopress_titles_desc":"Explore quartz engineering solutions and technical guidance from GlobalQT, focusing on performance analysis, material purity, and process optimization.","_seopress_robots_index":"","_uag_custom_page_level_css":"","site-sidebar-layout":"no-sidebar","site-content-layout":"page-builder","ast-site-content-layout":"full-width-container","site-content-style":"default","site-sidebar-style":"default","ast-global-header-display":"","ast-banner-title-visibility":"","ast-main-header-display":"","ast-hfb-above-header-display":"","ast-hfb-below-header-display":"","ast-hfb-mobile-header-display":"","site-post-title":"disabled","ast-breadcrumbs-content":"","ast-featured-img":"disabled","footer-sml-layout":"","ast-disable-related-posts":"","theme-transparent-header-meta":"","adv-header-id-meta":"","stick-header-meta":"","header-above-stick-meta":"","header-main-stick-meta":"","header-below-stick-meta":"","astra-migrate-meta-layouts":"set","ast-page-background-enabled":"default","ast-page-background-meta":{"desktop":{"background-color":"var(--ast-global-color-4)","background-image":"","background-repeat":"repeat","background-position":"center center","background-size":"auto","background-attachment":"scroll","background-type":"","background-media":"","overlay-type":"","overlay-color":"","overlay-opacity":"","overlay-gradient":""},"tablet":{"background-color":"","background-image":"","background-repeat":"repeat","background-position":"center center","background-size":"auto","background-attachment":"scroll","background-type":"","background-media":"","overlay-type":"","overlay-color":"","overlay-opacity":"","overlay-gradient":""},"mobile":{"background-color":"","background-image":"","background-repeat":"repeat","background-position":"center center","background-size":"auto","background-attachment":"scroll","background-type":"","background-media":"","overlay-type":"","overlay-color":"","overlay-opacity":"","overlay-gradient":""}},"ast-content-background-meta":{"desktop":{"background-color":"var(--ast-global-color-5)","background-image":"","background-repeat":"repeat","background-position":"center center","background-size":"auto","background-attachment":"scroll","background-type":"","background-media":"","overlay-type":"","overlay-color":"","overlay-opacity":"","overlay-gradient":""},"tablet":{"background-color":"var(--ast-global-color-5)","background-image":"","background-repeat":"repeat","background-position":"center center","background-size":"auto","background-attachment":"scroll","background-type":"","background-media":"","overlay-type":"","overlay-color":"","overlay-opacity":"","overlay-gradient":""},"mobile":{"background-color":"var(--ast-global-color-5)","background-image":"","background-repeat":"repeat","background-position":"center center","background-size":"auto","background-attachment":"scroll","background-type":"","background-media":"","overlay-type":"","overlay-color":"","overlay-opacity":"","overlay-gradient":""}},"footnotes":""},"class_list":["post-6161","page","type-page","status-publish","hentry"],"uagb_featured_image_src":{"full":false,"thumbnail":false,"medium":false,"medium_large":false,"large":false,"1536x1536":false,"2048x2048":false,"trp-custom-language-flag":false},"uagb_author_info":{"display_name":"Nola Zhang","author_link":"https:\/\/globalquartztube.com\/cs\/author\/nola\/"},"uagb_comment_info":0,"uagb_excerpt":"Quartz Engineering Solutions Request a consultation &gt; Solution for Reducing Carrier Lifetime Degradation Articles in This Series: Technical Analysis and Solutions for Carrier Lifetime Reduction Caused by Quartz Tubes (Part 1 of 10) What is Carrier Lifetime (Part 2 of 10) Which Tests Require Attention to Carrier Lifetime Values (Part 3 of 10) Causes of&hellip;","_links":{"self":[{"href":"https:\/\/globalquartztube.com\/cs\/wp-json\/wp\/v2\/pages\/6161","targetHints":{"allow":["GET"]}}],"collection":[{"href":"https:\/\/globalquartztube.com\/cs\/wp-json\/wp\/v2\/pages"}],"about":[{"href":"https:\/\/globalquartztube.com\/cs\/wp-json\/wp\/v2\/types\/page"}],"author":[{"embeddable":true,"href":"https:\/\/globalquartztube.com\/cs\/wp-json\/wp\/v2\/users\/1"}],"replies":[{"embeddable":true,"href":"https:\/\/globalquartztube.com\/cs\/wp-json\/wp\/v2\/comments?post=6161"}],"version-history":[{"count":22,"href":"https:\/\/globalquartztube.com\/cs\/wp-json\/wp\/v2\/pages\/6161\/revisions"}],"predecessor-version":[{"id":7044,"href":"https:\/\/globalquartztube.com\/cs\/wp-json\/wp\/v2\/pages\/6161\/revisions\/7044"}],"wp:attachment":[{"href":"https:\/\/globalquartztube.com\/cs\/wp-json\/wp\/v2\/media?parent=6161"}],"curies":[{"name":"wp","href":"https:\/\/api.w.org\/{rel}","templated":true}]}}