{"id":3,"date":"2024-03-01T08:15:22","date_gmt":"2024-03-01T08:15:22","guid":{"rendered":"https:\/\/globalquartztube.com\/?page_id=3"},"modified":"2024-04-07T11:15:10","modified_gmt":"2024-04-07T03:15:10","slug":"privacy-policy","status":"publish","type":"page","link":"https:\/\/globalquartztube.com\/cs\/privacy-policy\/","title":{"rendered":"Z\u00e1sady ochrany osobn\u00edch \u00fadaj\u016f"},"content":{"rendered":"<h2 class=\"wp-block-heading\">Kdo jsme<\/h2><p><strong class=\"privacy-policy-tutorial\">Doporu\u010den\u00fd text: <\/strong>Na\u0161e webov\u00e1 adresa je: https:\/\/globalquartztube.com.<\/p><h2 class=\"wp-block-heading\">Koment\u00e1\u0159e<\/h2><p><strong class=\"privacy-policy-tutorial\">Doporu\u010den\u00fd text: <\/strong>Kdy\u017e n\u00e1v\u0161t\u011bvn\u00edci zanechaj\u00ed na str\u00e1nce koment\u00e1\u0159e, shroma\u017e\u010fujeme \u00fadaje zobrazen\u00e9 ve formul\u00e1\u0159i pro koment\u00e1\u0159e a tak\u00e9 IP adresu n\u00e1v\u0161t\u011bvn\u00edka a \u0159et\u011bzec u\u017eivatelsk\u00e9ho agenta prohl\u00ed\u017ee\u010de, abychom pomohli odhalit spam.<\/p><p>Anonymizovan\u00fd \u0159et\u011bzec vytvo\u0159en\u00fd z va\u0161\u00ed e-mailov\u00e9 adresy (tak\u00e9 naz\u00fdvan\u00fd hash) m\u016f\u017ee b\u00fdt poskytnut slu\u017eb\u011b Gravatar, abyste zjistili, zda ji pou\u017e\u00edv\u00e1te. Z\u00e1sady ochrany osobn\u00edch \u00fadaj\u016f slu\u017eby Gravatar jsou k dispozici zde: https:\/\/automattic.com\/privacy\/. Po schv\u00e1len\u00ed va\u0161eho koment\u00e1\u0159e bude v\u00e1\u0161 profilov\u00fd obr\u00e1zek viditeln\u00fd pro ve\u0159ejnost v kontextu va\u0161eho koment\u00e1\u0159e.<\/p><h2 class=\"wp-block-heading\">M\u00e9dia<\/h2><p><strong class=\"privacy-policy-tutorial\">Doporu\u010den\u00fd text: <\/strong>Pokud na web nahr\u00e1v\u00e1te obr\u00e1zky, m\u011bli byste se vyhnout nahr\u00e1v\u00e1n\u00ed obr\u00e1zk\u016f s vlo\u017een\u00fdmi daty o poloze (EXIF GPS). N\u00e1v\u0161t\u011bvn\u00edci webu si mohou st\u00e1hnout a extrahovat jak\u00e1koli data o poloze z obr\u00e1zk\u016f na webu.<\/p><h2 class=\"wp-block-heading\">Soubory cookie<\/h2><p><strong class=\"privacy-policy-tutorial\">Doporu\u010den\u00fd text: <\/strong>Pokud na na\u0161em webu zanech\u00e1te koment\u00e1\u0159, m\u016f\u017eete se p\u0159ihl\u00e1sit k ukl\u00e1d\u00e1n\u00ed sv\u00e9ho jm\u00e9na, e-mailov\u00e9 adresy a webu do soubor\u016f cookie. Jsou pro va\u0161e pohodl\u00ed, abyste nemuseli znovu vypl\u0148ovat sv\u00e9 \u00fadaje, kdy\u017e zanech\u00e1te dal\u0161\u00ed koment\u00e1\u0159. Tyto cookies vydr\u017e\u00ed jeden rok.<\/p><p>Pokud nav\u0161t\u00edv\u00edte na\u0161i p\u0159ihla\u0161ovac\u00ed str\u00e1nku, nastav\u00edme do\u010dasn\u00fd soubor cookie, abychom zjistili, zda v\u00e1\u0161 prohl\u00ed\u017ee\u010d p\u0159ij\u00edm\u00e1 soubory cookie. Tento soubor cookie neobsahuje \u017e\u00e1dn\u00e9 osobn\u00ed \u00fadaje a po zav\u0159en\u00ed prohl\u00ed\u017ee\u010de je vy\u0159azen.<\/p><p>Kdy\u017e se p\u0159ihl\u00e1s\u00edte, nastav\u00edme tak\u00e9 n\u011bkolik soubor\u016f cookie pro ulo\u017een\u00ed va\u0161ich p\u0159ihla\u0161ovac\u00edch \u00fadaj\u016f a va\u0161ich voleb zobrazen\u00ed obrazovky. P\u0159ihla\u0161ovac\u00ed soubory cookie vydr\u017e\u00ed dva dny a soubory cookie mo\u017enost\u00ed obrazovky vydr\u017e\u00ed rok. Pokud zvol\u00edte &quot;Zapamatovat si m\u011b&quot;, va\u0161e p\u0159ihl\u00e1\u0161en\u00ed bude trvat dva t\u00fddny. Pokud se odhl\u00e1s\u00edte ze sv\u00e9ho \u00fa\u010dtu, p\u0159ihla\u0161ovac\u00ed soubory cookie budou odstran\u011bny.<\/p><p>Pokud uprav\u00edte nebo publikujete \u010dl\u00e1nek, ulo\u017e\u00ed se do va\u0161eho prohl\u00ed\u017ee\u010de dal\u0161\u00ed cookie. Tento soubor cookie neobsahuje \u017e\u00e1dn\u00e9 osobn\u00ed \u00fadaje a pouze ozna\u010duje ID p\u0159\u00edsp\u011bvku \u010dl\u00e1nku, kter\u00fd jste pr\u00e1v\u011b upravili. Jeho platnost vypr\u0161\u00ed po 1 dni.<\/p><h2 class=\"wp-block-heading\">Vlo\u017een\u00fd obsah z jin\u00fdch webov\u00fdch str\u00e1nek<\/h2><p><strong class=\"privacy-policy-tutorial\">Doporu\u010den\u00fd text: <\/strong>\u010cl\u00e1nky na t\u00e9to str\u00e1nce mohou obsahovat vlo\u017een\u00fd obsah (nap\u0159. videa, obr\u00e1zky, \u010dl\u00e1nky atd.). Vlo\u017een\u00fd obsah z jin\u00fdch webov\u00fdch str\u00e1nek se chov\u00e1 \u00fapln\u011b stejn\u011b, jako kdyby n\u00e1v\u0161t\u011bvn\u00edk nav\u0161t\u00edvil jinou webovou str\u00e1nku.<\/p><p>Tyto webov\u00e9 str\u00e1nky mohou shroma\u017e\u010fovat \u00fadaje o v\u00e1s, pou\u017e\u00edvat soubory cookie, vkl\u00e1dat dal\u0161\u00ed sledov\u00e1n\u00ed t\u0159et\u00edch stran a monitorovat va\u0161i interakci s t\u00edmto vlo\u017een\u00fdm obsahem, v\u010detn\u011b sledov\u00e1n\u00ed va\u0161\u00ed interakce s vlo\u017een\u00fdm obsahem, pokud m\u00e1te \u00fa\u010det a jste na dan\u00e9 webov\u00e9 str\u00e1nce p\u0159ihl\u00e1\u0161eni.<\/p><h2 class=\"wp-block-heading\">S k\u00fdm sd\u00edl\u00edme va\u0161e \u00fadaje<\/h2><p><strong class=\"privacy-policy-tutorial\">Doporu\u010den\u00fd text: <\/strong>Pokud po\u017e\u00e1d\u00e1te o reset hesla, va\u0161e IP adresa bude zahrnuta v e-mailu pro resetov\u00e1n\u00ed.<\/p><h2 class=\"wp-block-heading\">Jak dlouho va\u0161e \u00fadaje uchov\u00e1v\u00e1me<\/h2><p><strong class=\"privacy-policy-tutorial\">Doporu\u010den\u00fd text: <\/strong>Pokud zanech\u00e1te koment\u00e1\u0159, bude koment\u00e1\u0159 a jeho metadata uchov\u00e1na po neomezenou dobu. Je to proto, abychom mohli rozpoznat a schv\u00e1lit jak\u00e9koli n\u00e1sledn\u00e9 koment\u00e1\u0159e automaticky, m\u00edsto abychom je dr\u017eeli ve front\u011b na moderov\u00e1n\u00ed.<\/p><p>Pro u\u017eivatele, kte\u0159\u00ed se zaregistruj\u00ed na na\u0161ich webov\u00fdch str\u00e1nk\u00e1ch (pokud existuj\u00ed), ukl\u00e1d\u00e1me tak\u00e9 osobn\u00ed \u00fadaje, kter\u00e9 poskytuj\u00ed, v jejich u\u017eivatelsk\u00e9m profilu. V\u0161ichni u\u017eivatel\u00e9 mohou kdykoli zobrazit, upravit nebo smazat sv\u00e9 osobn\u00ed \u00fadaje (krom\u011b toho, \u017ee nemohou zm\u011bnit sv\u00e9 u\u017eivatelsk\u00e9 jm\u00e9no). Spr\u00e1vci webov\u00fdch str\u00e1nek mohou tyto informace tak\u00e9 zobrazit a upravovat.<\/p><h2 class=\"wp-block-heading\">Jak\u00e1 pr\u00e1va m\u00e1te nad sv\u00fdmi \u00fadaji<\/h2><p><strong class=\"privacy-policy-tutorial\">Doporu\u010den\u00fd text: <\/strong>Pokud m\u00e1te \u00fa\u010det na t\u00e9to str\u00e1nce nebo jste zanechali koment\u00e1\u0159e, m\u016f\u017eete po\u017e\u00e1dat o zasl\u00e1n\u00ed exportovan\u00e9ho souboru osobn\u00edch \u00fadaj\u016f, kter\u00e9 o v\u00e1s uchov\u00e1v\u00e1me, v\u010detn\u011b v\u0161ech \u00fadaj\u016f, kter\u00e9 jste n\u00e1m poskytli. M\u016f\u017eete tak\u00e9 po\u017e\u00e1dat, abychom vymazali ve\u0161ker\u00e9 osobn\u00ed \u00fadaje, kter\u00e9 o v\u00e1s uchov\u00e1v\u00e1me. To nezahrnuje \u017e\u00e1dn\u00e9 \u00fadaje, kter\u00e9 jsme povinni uchov\u00e1vat pro administrativn\u00ed, pr\u00e1vn\u00ed nebo bezpe\u010dnostn\u00ed \u00fa\u010dely.<\/p><h2 class=\"wp-block-heading\">Kam jsou va\u0161e data odes\u00edl\u00e1na<\/h2><p><strong class=\"privacy-policy-tutorial\">Doporu\u010den\u00fd text: <\/strong>Koment\u00e1\u0159e n\u00e1v\u0161t\u011bvn\u00edk\u016f mohou b\u00fdt kontrolov\u00e1ny prost\u0159ednictv\u00edm slu\u017eby automatick\u00e9 detekce spamu.<\/p>","protected":false},"excerpt":{"rendered":"<p>Who we are Suggested text: Our website address is: https:\/\/globalquartztube.com. Comments Suggested text: When visitors leave comments on the site we collect the data shown in the comments form, and also the visitor&#8217;s IP address and browser user agent string to help spam detection. An anonymized string created from your email address (also called a [&hellip;]<\/p>\n","protected":false},"author":1,"featured_media":0,"parent":0,"menu_order":0,"comment_status":"closed","ping_status":"open","template":"","meta":{"_seopress_robots_primary_cat":"","_seopress_titles_title":"Privacy Policy | GlobalQT","_seopress_titles_desc":"Our website address is: https:\/\/globalquartztube.com. When visitors leave comments on the site we collect the data shown in the comments form, and also the visitor\u2019s IP address and browser user agent string to help spam detection.","_seopress_robots_index":"","_uag_custom_page_level_css":"","site-sidebar-layout":"default","site-content-layout":"","ast-site-content-layout":"default","site-content-style":"default","site-sidebar-style":"default","ast-global-header-display":"","ast-banner-title-visibility":"","ast-main-header-display":"","ast-hfb-above-header-display":"","ast-hfb-below-header-display":"","ast-hfb-mobile-header-display":"","site-post-title":"","ast-breadcrumbs-content":"","ast-featured-img":"","footer-sml-layout":"","ast-disable-related-posts":"","theme-transparent-header-meta":"","adv-header-id-meta":"","stick-header-meta":"","header-above-stick-meta":"","header-main-stick-meta":"","header-below-stick-meta":"","astra-migrate-meta-layouts":"set","ast-page-background-enabled":"default","ast-page-background-meta":{"desktop":{"background-color":"var(--ast-global-color-4)","background-image":"","background-repeat":"repeat","background-position":"center center","background-size":"auto","background-attachment":"scroll","background-type":"","background-media":"","overlay-type":"","overlay-color":"","overlay-opacity":"","overlay-gradient":""},"tablet":{"background-color":"","background-image":"","background-repeat":"repeat","background-position":"center center","background-size":"auto","background-attachment":"scroll","background-type":"","background-media":"","overlay-type":"","overlay-color":"","overlay-opacity":"","overlay-gradient":""},"mobile":{"background-color":"","background-image":"","background-repeat":"repeat","background-position":"center center","background-size":"auto","background-attachment":"scroll","background-type":"","background-media":"","overlay-type":"","overlay-color":"","overlay-opacity":"","overlay-gradient":""}},"ast-content-background-meta":{"desktop":{"background-color":"var(--ast-global-color-5)","background-image":"","background-repeat":"repeat","background-position":"center center","background-size":"auto","background-attachment":"scroll","background-type":"","background-media":"","overlay-type":"","overlay-color":"","overlay-opacity":"","overlay-gradient":""},"tablet":{"background-color":"var(--ast-global-color-5)","background-image":"","background-repeat":"repeat","background-position":"center center","background-size":"auto","background-attachment":"scroll","background-type":"","background-media":"","overlay-type":"","overlay-color":"","overlay-opacity":"","overlay-gradient":""},"mobile":{"background-color":"var(--ast-global-color-5)","background-image":"","background-repeat":"repeat","background-position":"center center","background-size":"auto","background-attachment":"scroll","background-type":"","background-media":"","overlay-type":"","overlay-color":"","overlay-opacity":"","overlay-gradient":""}},"footnotes":""},"class_list":["post-3","page","type-page","status-publish","hentry"],"uagb_featured_image_src":{"full":false,"thumbnail":false,"medium":false,"medium_large":false,"large":false,"1536x1536":false,"2048x2048":false,"trp-custom-language-flag":false},"uagb_author_info":{"display_name":"Nola Zhang","author_link":"https:\/\/globalquartztube.com\/cs\/author\/nola\/"},"uagb_comment_info":0,"uagb_excerpt":"Who we are Suggested text: Our website address is: https:\/\/globalquartztube.com. Comments Suggested text: When visitors leave comments on the site we collect the data shown in the comments form, and also the visitor&#8217;s IP address and browser user agent string to help spam detection. An anonymized string created from your email address (also called a&hellip;","_links":{"self":[{"href":"https:\/\/globalquartztube.com\/cs\/wp-json\/wp\/v2\/pages\/3","targetHints":{"allow":["GET"]}}],"collection":[{"href":"https:\/\/globalquartztube.com\/cs\/wp-json\/wp\/v2\/pages"}],"about":[{"href":"https:\/\/globalquartztube.com\/cs\/wp-json\/wp\/v2\/types\/page"}],"author":[{"embeddable":true,"href":"https:\/\/globalquartztube.com\/cs\/wp-json\/wp\/v2\/users\/1"}],"replies":[{"embeddable":true,"href":"https:\/\/globalquartztube.com\/cs\/wp-json\/wp\/v2\/comments?post=3"}],"version-history":[{"count":1,"href":"https:\/\/globalquartztube.com\/cs\/wp-json\/wp\/v2\/pages\/3\/revisions"}],"predecessor-version":[{"id":1643,"href":"https:\/\/globalquartztube.com\/cs\/wp-json\/wp\/v2\/pages\/3\/revisions\/1643"}],"wp:attachment":[{"href":"https:\/\/globalquartztube.com\/cs\/wp-json\/wp\/v2\/media?parent=3"}],"curies":[{"name":"wp","href":"https:\/\/api.w.org\/{rel}","templated":true}]}}