{"id":6161,"date":"2025-07-17T16:39:35","date_gmt":"2025-07-17T08:39:35","guid":{"rendered":"https:\/\/globalquartztube.com\/?page_id=6161"},"modified":"2026-01-19T09:40:33","modified_gmt":"2026-01-19T01:40:33","slug":"quartz-engineering-solutions","status":"publish","type":"page","link":"https:\/\/globalquartztube.com\/az\/quartz-engineering-solutions\/","title":{"rendered":"Kvarts M\u00fch\u0259ndislik H\u0259ll\u0259ri"},"content":{"rendered":"<div data-elementor-type=\"wp-page\" data-elementor-id=\"6161\" class=\"elementor elementor-6161\" data-elementor-post-type=\"page\">\n\t\t\t\t<div class=\"elementor-element elementor-element-7e20474 e-flex e-con-boxed e-con e-parent\" data-id=\"7e20474\" data-element_type=\"container\" data-e-type=\"container\" data-settings=\"{&quot;background_background&quot;:&quot;classic&quot;}\">\n\t\t\t\t\t<div class=\"e-con-inner\">\n\t\t<div class=\"elementor-element elementor-element-605b3b6 e-flex e-con-boxed e-con e-child\" data-id=\"605b3b6\" data-element_type=\"container\" data-e-type=\"container\">\n\t\t\t\t\t<div class=\"e-con-inner\">\n\t\t\t\t<div class=\"elementor-element elementor-element-4554f77 elementor-widget elementor-widget-heading\" data-id=\"4554f77\" data-element_type=\"widget\" data-e-type=\"widget\" data-widget_type=\"heading.default\">\n\t\t\t\t<div class=\"elementor-widget-container\">\n\t\t\t\t\t<h1 class=\"elementor-heading-title elementor-size-default\">Kvarts M\u00fch\u0259ndislik H\u0259ll\u0259ri<\/h1>\t\t\t\t<\/div>\n\t\t\t\t<\/div>\n\t\t\t\t<div class=\"elementor-element elementor-element-10a63d6 elementor-align-center elementor-widget elementor-widget-button\" data-id=\"10a63d6\" data-element_type=\"widget\" data-e-type=\"widget\" data-widget_type=\"button.default\">\n\t\t\t\t<div class=\"elementor-widget-container\">\n\t\t\t\t\t\t\t\t\t<div class=\"elementor-button-wrapper\">\n\t\t\t\t\t<a class=\"elementor-button elementor-button-link elementor-size-sm\" href=\"#elementor-action%3Aaction%3Dpopup%3Aopen%26settings%3DeyJpZCI6IjU3OTYiLCJ0b2dnbGUiOmZhbHNlfQ%3D%3D\">\n\t\t\t\t\t\t<span class=\"elementor-button-content-wrapper\">\n\t\t\t\t\t\t\t\t\t<span class=\"elementor-button-text\">T\u0259l\u0259b m\u0259sl\u0259h\u0259t &gt;<\/span>\n\t\t\t\t\t<\/span>\n\t\t\t\t\t<\/a>\n\t\t\t\t<\/div>\n\t\t\t\t\t\t\t\t<\/div>\n\t\t\t\t<\/div>\n\t\t\t\t\t<\/div>\n\t\t\t\t<\/div>\n\t\t\t\t\t<\/div>\n\t\t\t\t<\/div>\n\t\t<div class=\"elementor-element elementor-element-3bb3f55 e-con-full e-flex e-con e-parent\" data-id=\"3bb3f55\" data-element_type=\"container\" data-e-type=\"container\">\n\t\t<div class=\"elementor-element elementor-element-87fbcf1 e-con-full e-flex e-con e-child\" data-id=\"87fbcf1\" data-element_type=\"container\" data-e-type=\"container\">\n\t\t\t\t<div class=\"elementor-element elementor-element-b1532e6 elementor-widget elementor-widget-heading\" data-id=\"b1532e6\" data-element_type=\"widget\" data-e-type=\"widget\" data-widget_type=\"heading.default\">\n\t\t\t\t<div class=\"elementor-widget-container\">\n\t\t\t\t\t<h2 class=\"elementor-heading-title elementor-size-default\">Da\u015f\u0131y\u0131c\u0131n\u0131n \u00f6mr\u00fc \u0259rzind\u0259 pisl\u0259\u015fm\u0259nin azald\u0131lmas\u0131 \u00fc\u00e7\u00fcn h\u0259ll<\/h2>\t\t\t\t<\/div>\n\t\t\t\t<\/div>\n\t\t\t\t<div class=\"elementor-element elementor-element-34d6a3b elementor-widget elementor-widget-heading\" data-id=\"34d6a3b\" data-element_type=\"widget\" data-e-type=\"widget\" data-widget_type=\"heading.default\">\n\t\t\t\t<div class=\"elementor-widget-container\">\n\t\t\t\t\t<h2 class=\"elementor-heading-title elementor-size-default\">Bu seriyadak\u0131 m\u0259qal\u0259l\u0259r:<\/h2>\t\t\t\t<\/div>\n\t\t\t\t<\/div>\n\t\t\t\t<div class=\"elementor-element elementor-element-dd68f09 elementor-widget elementor-widget-heading\" data-id=\"dd68f09\" data-element_type=\"widget\" data-e-type=\"widget\" data-widget_type=\"heading.default\">\n\t\t\t\t<div class=\"elementor-widget-container\">\n\t\t\t\t\t<h3 class=\"elementor-heading-title elementor-size-default\"><a href=\"https:\/\/globalquartztube.com\/az\/technical-analysis-and-solutions-for-carrier-lifetime-reduction-caused-by-quartz-tubes-part-1-of-10\/\">Kvarts boru s\u0259b\u0259bind\u0259n da\u015f\u0131y\u0131c\u0131n\u0131n \u00f6mr\u00fcn\u00fcn azalmas\u0131 \u00fc\u00e7\u00fcn texniki analiz v\u0259 h\u0259ll\u0259r (10 hiss\u0259d\u0259n 1-ci hiss\u0259)<\/a><\/h3>\t\t\t\t<\/div>\n\t\t\t\t<\/div>\n\t\t\t\t<div class=\"elementor-element elementor-element-33b6c99 elementor-widget elementor-widget-heading\" data-id=\"33b6c99\" data-element_type=\"widget\" data-e-type=\"widget\" data-widget_type=\"heading.default\">\n\t\t\t\t<div class=\"elementor-widget-container\">\n\t\t\t\t\t<h3 class=\"elementor-heading-title elementor-size-default\"><a href=\"https:\/\/globalquartztube.com\/az\/what-is-carrier-lifetime-part-2-of-10\/\">Da\u015f\u0131y\u0131c\u0131n\u0131n \u00f6mr\u00fc n\u0259dir (10 hiss\u0259d\u0259n 2-ci hiss\u0259)<\/a><\/h3>\t\t\t\t<\/div>\n\t\t\t\t<\/div>\n\t\t\t\t<div class=\"elementor-element elementor-element-ea98a02 elementor-widget elementor-widget-heading\" data-id=\"ea98a02\" data-element_type=\"widget\" data-e-type=\"widget\" data-widget_type=\"heading.default\">\n\t\t\t\t<div class=\"elementor-widget-container\">\n\t\t\t\t\t<h2 class=\"elementor-heading-title elementor-size-default\"><a href=\"https:\/\/globalquartztube.com\/az\/which-tests-require-attention-to-carrier-lifetime-values-part-3-of-10\/\">Hans\u0131 testl\u0259r da\u015f\u0131y\u0131c\u0131n\u0131n \u00f6mr\u00fc d\u0259y\u0259rl\u0259rin\u0259 diqq\u0259t t\u0259l\u0259b edir (10 hiss\u0259d\u0259n 3-c\u00fc hiss\u0259)<\/a><\/h2>\t\t\t\t<\/div>\n\t\t\t\t<\/div>\n\t\t\t\t<div class=\"elementor-element elementor-element-e128569 elementor-widget elementor-widget-heading\" data-id=\"e128569\" data-element_type=\"widget\" data-e-type=\"widget\" data-widget_type=\"heading.default\">\n\t\t\t\t<div class=\"elementor-widget-container\">\n\t\t\t\t\t<h2 class=\"elementor-heading-title elementor-size-default\"><a href=\"https:\/\/globalquartztube.com\/az\/causes-of-carrier-lifetime-degradation-part-4-of-10\/\">Da\u015f\u0131y\u0131c\u0131n\u0131n \u00f6mr\u00fc boyu pisl\u0259\u015fm\u0259sinin s\u0259b\u0259bl\u0259ri (10 hiss\u0259d\u0259n 4-c\u00fc hiss\u0259)<\/a><\/h2>\t\t\t\t<\/div>\n\t\t\t\t<\/div>\n\t\t\t\t<div class=\"elementor-element elementor-element-fb14a9b elementor-widget elementor-widget-heading\" data-id=\"fb14a9b\" data-element_type=\"widget\" data-e-type=\"widget\" data-widget_type=\"heading.default\">\n\t\t\t\t<div class=\"elementor-widget-container\">\n\t\t\t\t\t<h2 class=\"elementor-heading-title elementor-size-default\">Kvarts borular\u0131n da\u015f\u0131y\u0131c\u0131n\u0131n \u00f6mr\u00fcn\u00fcn azalmas\u0131na t\u0259siri (10 hiss\u0259d\u0259n 5-ci hiss\u0259) \u2013 Tezlikl\u0259<\/h2>\t\t\t\t<\/div>\n\t\t\t\t<\/div>\n\t\t\t\t<\/div>\n\t\t<div class=\"elementor-element elementor-element-b6bd761 e-con-full e-flex e-con e-child\" data-id=\"b6bd761\" data-element_type=\"container\" data-e-type=\"container\">\n\t\t\t\t<div class=\"elementor-element elementor-element-31e00d0 elementor-widget elementor-widget-heading\" data-id=\"31e00d0\" data-element_type=\"widget\" data-e-type=\"widget\" data-widget_type=\"heading.default\">\n\t\t\t\t<div class=\"elementor-widget-container\">\n\t\t\t\t\t<h2 class=\"elementor-heading-title elementor-size-default\">UV-filtrli kvarts boru h\u0259ll\u0259ri \u2013 Tezlikl\u0259<\/h2>\t\t\t\t<\/div>\n\t\t\t\t<\/div>\n\t\t\t\t<div class=\"elementor-element elementor-element-0d6b2a7 elementor-widget elementor-widget-heading\" data-id=\"0d6b2a7\" data-element_type=\"widget\" data-e-type=\"widget\" data-widget_type=\"heading.default\">\n\t\t\t\t<div class=\"elementor-widget-container\">\n\t\t\t\t\t<h2 class=\"elementor-heading-title elementor-size-default\">Bu seriyada yax\u0131nla\u015fan m\u0259qal\u0259l\u0259r:<\/h2>\t\t\t\t<\/div>\n\t\t\t\t<\/div>\n\t\t\t\t<div class=\"elementor-element elementor-element-2898332 elementor-widget elementor-widget-heading\" data-id=\"2898332\" data-element_type=\"widget\" data-e-type=\"widget\" data-widget_type=\"heading.default\">\n\t\t\t\t<div class=\"elementor-widget-container\">\n\t\t\t\t\t<h2 class=\"elementor-heading-title elementor-size-default\">UV-filtrli kvarts borular\u0131n \u0259sas x\u00fcsusiyy\u0259tl\u0259ri<\/h2>\t\t\t\t<\/div>\n\t\t\t\t<\/div>\n\t\t\t\t<div class=\"elementor-element elementor-element-fd728ae elementor-widget elementor-widget-heading\" data-id=\"fd728ae\" data-element_type=\"widget\" data-e-type=\"widget\" data-widget_type=\"heading.default\">\n\t\t\t\t<div class=\"elementor-widget-container\">\n\t\t\t\t\t<h2 class=\"elementor-heading-title elementor-size-default\">Se il\u0259 dopinq olunmu\u015f UV-bloklayan kvarts borulara ehtiyac\u0131 olan tibbi cihazlar<\/h2>\t\t\t\t<\/div>\n\t\t\t\t<\/div>\n\t\t\t\t<\/div>\n\t\t\t\t<\/div>\n\t\t\t\t<\/div>","protected":false},"excerpt":{"rendered":"<p>Quartz Engineering Solutions Request a consultation &gt; Solution for Reducing Carrier Lifetime Degradation Articles in This Series: Technical Analysis and Solutions for Carrier Lifetime Reduction Caused by Quartz Tubes (Part 1 of 10) What is Carrier Lifetime (Part 2 of 10) Which Tests Require Attention to Carrier Lifetime Values (Part 3 of 10) Causes of [&hellip;]<\/p>\n","protected":false},"author":1,"featured_media":0,"parent":0,"menu_order":0,"comment_status":"closed","ping_status":"closed","template":"","meta":{"_seopress_robots_primary_cat":"","_seopress_titles_title":"Quartz Engineering Solutions | Technical Quartz Tube Support by GlobalQT","_seopress_titles_desc":"Explore quartz engineering solutions and technical guidance from GlobalQT, focusing on performance analysis, material purity, and process optimization.","_seopress_robots_index":"","_uag_custom_page_level_css":"","site-sidebar-layout":"no-sidebar","site-content-layout":"page-builder","ast-site-content-layout":"full-width-container","site-content-style":"default","site-sidebar-style":"default","ast-global-header-display":"","ast-banner-title-visibility":"","ast-main-header-display":"","ast-hfb-above-header-display":"","ast-hfb-below-header-display":"","ast-hfb-mobile-header-display":"","site-post-title":"disabled","ast-breadcrumbs-content":"","ast-featured-img":"disabled","footer-sml-layout":"","ast-disable-related-posts":"","theme-transparent-header-meta":"","adv-header-id-meta":"","stick-header-meta":"","header-above-stick-meta":"","header-main-stick-meta":"","header-below-stick-meta":"","astra-migrate-meta-layouts":"set","ast-page-background-enabled":"default","ast-page-background-meta":{"desktop":{"background-color":"var(--ast-global-color-4)","background-image":"","background-repeat":"repeat","background-position":"center center","background-size":"auto","background-attachment":"scroll","background-type":"","background-media":"","overlay-type":"","overlay-color":"","overlay-opacity":"","overlay-gradient":""},"tablet":{"background-color":"","background-image":"","background-repeat":"repeat","background-position":"center center","background-size":"auto","background-attachment":"scroll","background-type":"","background-media":"","overlay-type":"","overlay-color":"","overlay-opacity":"","overlay-gradient":""},"mobile":{"background-color":"","background-image":"","background-repeat":"repeat","background-position":"center center","background-size":"auto","background-attachment":"scroll","background-type":"","background-media":"","overlay-type":"","overlay-color":"","overlay-opacity":"","overlay-gradient":""}},"ast-content-background-meta":{"desktop":{"background-color":"var(--ast-global-color-5)","background-image":"","background-repeat":"repeat","background-position":"center center","background-size":"auto","background-attachment":"scroll","background-type":"","background-media":"","overlay-type":"","overlay-color":"","overlay-opacity":"","overlay-gradient":""},"tablet":{"background-color":"var(--ast-global-color-5)","background-image":"","background-repeat":"repeat","background-position":"center center","background-size":"auto","background-attachment":"scroll","background-type":"","background-media":"","overlay-type":"","overlay-color":"","overlay-opacity":"","overlay-gradient":""},"mobile":{"background-color":"var(--ast-global-color-5)","background-image":"","background-repeat":"repeat","background-position":"center center","background-size":"auto","background-attachment":"scroll","background-type":"","background-media":"","overlay-type":"","overlay-color":"","overlay-opacity":"","overlay-gradient":""}},"footnotes":""},"class_list":["post-6161","page","type-page","status-publish","hentry"],"uagb_featured_image_src":{"full":false,"thumbnail":false,"medium":false,"medium_large":false,"large":false,"1536x1536":false,"2048x2048":false,"trp-custom-language-flag":false},"uagb_author_info":{"display_name":"Nola Zhang","author_link":"https:\/\/globalquartztube.com\/az\/author\/nola\/"},"uagb_comment_info":0,"uagb_excerpt":"Quartz Engineering Solutions Request a consultation &gt; Solution for Reducing Carrier Lifetime Degradation Articles in This Series: Technical Analysis and Solutions for Carrier Lifetime Reduction Caused by Quartz Tubes (Part 1 of 10) What is Carrier Lifetime (Part 2 of 10) Which Tests Require Attention to Carrier Lifetime Values (Part 3 of 10) Causes of&hellip;","_links":{"self":[{"href":"https:\/\/globalquartztube.com\/az\/wp-json\/wp\/v2\/pages\/6161","targetHints":{"allow":["GET"]}}],"collection":[{"href":"https:\/\/globalquartztube.com\/az\/wp-json\/wp\/v2\/pages"}],"about":[{"href":"https:\/\/globalquartztube.com\/az\/wp-json\/wp\/v2\/types\/page"}],"author":[{"embeddable":true,"href":"https:\/\/globalquartztube.com\/az\/wp-json\/wp\/v2\/users\/1"}],"replies":[{"embeddable":true,"href":"https:\/\/globalquartztube.com\/az\/wp-json\/wp\/v2\/comments?post=6161"}],"version-history":[{"count":22,"href":"https:\/\/globalquartztube.com\/az\/wp-json\/wp\/v2\/pages\/6161\/revisions"}],"predecessor-version":[{"id":7044,"href":"https:\/\/globalquartztube.com\/az\/wp-json\/wp\/v2\/pages\/6161\/revisions\/7044"}],"wp:attachment":[{"href":"https:\/\/globalquartztube.com\/az\/wp-json\/wp\/v2\/media?parent=6161"}],"curies":[{"name":"wp","href":"https:\/\/api.w.org\/{rel}","templated":true}]}}